{"id":192,"date":"2024-12-03T18:10:31","date_gmt":"2024-12-03T18:10:31","guid":{"rendered":"https:\/\/agora-tas.com\/?post_type=product&#038;p=192"},"modified":"2025-10-18T12:27:46","modified_gmt":"2025-10-18T12:27:46","slug":"black-truffle-paste-280g","status":"publish","type":"product","link":"https:\/\/agora-tas.com\/it\/prodotto\/black-truffle-paste-280g\/","title":{"rendered":"Pasta di tartufo nero greco 280 g"},"content":{"rendered":"<p>Questa salsa al tartufo nero greco, infusa con funghi e tartufi greci, offre un gusto unico e delizioso. Si abbina magnificamente alla pasta, agli spaghetti, come salsa, ed \u00e8 perfetta per patate o antipasti su pane o bruschette.<\/p>\n<p>Ottima base per diverse creazioni culinarie, la Salsa Tartufi FORAGE \u00e8 realizzata con funghi, tartufi e ingredienti naturali di alta qualit\u00e0. La sua qualit\u00e0 eccezionale e il suo sapore genuino la rendono una delle preferite sia dai principianti che dagli appassionati di tartufo.<br \/>\nLa salsa al tartufo FORAGE Tartufi si abbina perfettamente a numerosi piatti di pasta e riso. \u00c8 fantastica anche nelle omelette o in ricette pi\u00f9 complesse come la besciamella al tartufo, la maionese o la crema al tartufo. Una delle applicazioni pi\u00f9 semplici e deliziose di questo prodotto \u00e8 il risotto al tartufo.<\/p>\n<p>Questa salsa greca al tartufo \u00e8 perfetta per coloro che non conoscono il tartufo e sono desiderosi di esplorarne il sapore. Scegliete tra le diverse variet\u00e0 della salsa e sperimentate la ricca intensit\u00e0 dell'aroma del tartufo.<br \/>\nPeso: 280 g.<\/p>","protected":false},"excerpt":{"rendered":"<p>Questa salsa al tartufo nero greco, infusa con funghi e tartufi greci, offre un gusto unico e delizioso. Si abbina magnificamente alla pasta, agli spaghetti, come salsa, ed \u00e8 perfetta per patate o antipasti su pane o bruschette.<\/p>\n<p><strong>Tempo di consegna 3 - 5 giorni<\/strong><\/p>","protected":false},"featured_media":193,"comment_status":"closed","ping_status":"closed","template":"","meta":{"_coblocks_attr":"","_coblocks_dimensions":"","_coblocks_responsive_height":"","_coblocks_accordion_ie_support":"","content-type":""},"product_brand":[],"product_cat":[25],"product_tag":[91,87],"class_list":{"0":"post-192","1":"product","2":"type-product","3":"status-publish","4":"has-post-thumbnail","6":"product_cat-truffle-products","7":"product_tag-paste","8":"product_tag-truffle","10":"first","11":"instock","12":"taxable","13":"shipping-taxable","14":"product-type-simple"},"_links":{"self":[{"href":"https:\/\/agora-tas.com\/it\/wp-json\/wp\/v2\/product\/192","targetHints":{"allow":["GET"]}}],"collection":[{"href":"https:\/\/agora-tas.com\/it\/wp-json\/wp\/v2\/product"}],"about":[{"href":"https:\/\/agora-tas.com\/it\/wp-json\/wp\/v2\/types\/product"}],"replies":[{"embeddable":true,"href":"https:\/\/agora-tas.com\/it\/wp-json\/wp\/v2\/comments?post=192"}],"wp:featuredmedia":[{"embeddable":true,"href":"https:\/\/agora-tas.com\/it\/wp-json\/wp\/v2\/media\/193"}],"wp:attachment":[{"href":"https:\/\/agora-tas.com\/it\/wp-json\/wp\/v2\/media?parent=192"}],"wp:term":[{"taxonomy":"product_brand","embeddable":true,"href":"https:\/\/agora-tas.com\/it\/wp-json\/wp\/v2\/product_brand?post=192"},{"taxonomy":"product_cat","embeddable":true,"href":"https:\/\/agora-tas.com\/it\/wp-json\/wp\/v2\/product_cat?post=192"},{"taxonomy":"product_tag","embeddable":true,"href":"https:\/\/agora-tas.com\/it\/wp-json\/wp\/v2\/product_tag?post=192"}],"curies":[{"name":"wp","href":"https:\/\/api.w.org\/{rel}","templated":true}]}}