{"id":755,"date":"2025-05-07T09:13:38","date_gmt":"2025-05-07T09:13:38","guid":{"rendered":"https:\/\/agora-tas.com\/?post_type=product&#038;p=755"},"modified":"2025-09-29T09:02:38","modified_gmt":"2025-09-29T09:02:38","slug":"fresh-black-summer-truffle-aestivum","status":"publish","type":"product","link":"https:\/\/agora-tas.com\/fr\/produit\/fresh-black-summer-truffle-aestivum\/","title":{"rendered":"Truffe d'\u00e9t\u00e9 noire fra\u00eeche (Aestivum)"},"content":{"rendered":"<p>Savourez l'attrait in\u00e9gal\u00e9 de la truffe noire grecque Aestivum, fra\u00eechement r\u00e9colt\u00e9e sur les terres luxuriantes de Gr\u00e8ce. R\u00e9put\u00e9es pour \u00eatre l'une des meilleures vari\u00e9t\u00e9s de truffes au monde, ces truffes grecques offrent une saveur et un ar\u00f4me exquis qui rehausseront n'importe quelle exp\u00e9rience culinaire.<\/p>\n<p>*Caract\u00e9ristiques principales\u00a0:*<br \/>\n- Saveur exceptionnelle:* Connue pour son parfum profond et terreux et son go\u00fbt complexe, la truffe noire Aestivum offre une combinaison unique de notes de noix, de chocolat et d'ail, ce qui en fait un ingr\u00e9dient de choix pour les plats gastronomiques.<br \/>\n\u2013 *Polyvalence culinaire\u00a0:* les truffes fra\u00eeches peuvent \u00eatre d\u00e9licatement r\u00e2p\u00e9es sur des p\u00e2tes, des risottos et des salades, ou utilis\u00e9es pour rehausser les sauces, les omelettes et les plats cr\u00e9meux, apportant une \u00e9l\u00e9gance incomparable \u00e0 chaque assiette.<br \/>\n\u2013 *Ingr\u00e9dient gastronomique*\u00a0: Id\u00e9ales pour les huiles, beurres et tartinades infus\u00e9s \u00e0 la truffe, ces truffes fra\u00eeches peuvent transformer des ingr\u00e9dients simples en cr\u00e9ations culinaires d\u00e9cadentes.<br \/>\n- Origine grecque authentique:* Provenant fi\u00e8rement des terres fertiles de Gr\u00e8ce, notre truffe noire fra\u00eeche Aestivum incarne le riche patrimoine culinaire de la r\u00e9gion et son engagement en faveur de la qualit\u00e9.<br \/>\nPoids : 100g<\/p>","protected":false},"excerpt":{"rendered":"<p>Savor the unparalleled allure of Black Truffle Aestivum, freshly harvested from the lush terrains of Greece. Renowned as one of the world&#8217;s finest truffle varieties, these Greek truffles deliver an exquisite flavor and aroma that will elevate any culinary experience.<\/p>\n<p><strong>Delivery time 3 &#8211; 5 days<\/strong><\/p>","protected":false},"featured_media":196,"comment_status":"closed","ping_status":"closed","template":"","meta":{"_coblocks_attr":"","_coblocks_dimensions":"","_coblocks_responsive_height":"","_coblocks_accordion_ie_support":"","content-type":""},"product_brand":[],"product_cat":[78],"product_tag":[88,87],"class_list":{"0":"post-755","1":"product","2":"type-product","3":"status-publish","4":"has-post-thumbnail","6":"product_cat-outof-season-el","7":"product_tag-fresh","8":"product_tag-truffle","10":"first","11":"outofstock","12":"taxable","13":"shipping-taxable","14":"product-type-simple"},"_links":{"self":[{"href":"https:\/\/agora-tas.com\/fr\/wp-json\/wp\/v2\/product\/755","targetHints":{"allow":["GET"]}}],"collection":[{"href":"https:\/\/agora-tas.com\/fr\/wp-json\/wp\/v2\/product"}],"about":[{"href":"https:\/\/agora-tas.com\/fr\/wp-json\/wp\/v2\/types\/product"}],"replies":[{"embeddable":true,"href":"https:\/\/agora-tas.com\/fr\/wp-json\/wp\/v2\/comments?post=755"}],"wp:featuredmedia":[{"embeddable":true,"href":"https:\/\/agora-tas.com\/fr\/wp-json\/wp\/v2\/media\/196"}],"wp:attachment":[{"href":"https:\/\/agora-tas.com\/fr\/wp-json\/wp\/v2\/media?parent=755"}],"wp:term":[{"taxonomy":"product_brand","embeddable":true,"href":"https:\/\/agora-tas.com\/fr\/wp-json\/wp\/v2\/product_brand?post=755"},{"taxonomy":"product_cat","embeddable":true,"href":"https:\/\/agora-tas.com\/fr\/wp-json\/wp\/v2\/product_cat?post=755"},{"taxonomy":"product_tag","embeddable":true,"href":"https:\/\/agora-tas.com\/fr\/wp-json\/wp\/v2\/product_tag?post=755"}],"curies":[{"name":"wp","href":"https:\/\/api.w.org\/{rel}","templated":true}]}}