{"id":744,"date":"2025-04-21T16:54:30","date_gmt":"2025-04-21T16:54:30","guid":{"rendered":"https:\/\/agora-tas.com\/?post_type=product&#038;p=744"},"modified":"2025-10-18T12:23:51","modified_gmt":"2025-10-18T12:23:51","slug":"greek-ramson-capers","status":"publish","type":"product","link":"https:\/\/agora-tas.com\/fr\/produit\/greek-ramson-capers\/","title":{"rendered":"C\u00e2pres grecques Ramson 85g"},"content":{"rendered":"<p>Les pousses de l'Allium ursinum sont la partie la plus utilis\u00e9e dans l'alimentation. Les feuilles peuvent \u00eatre utilis\u00e9es dans les salades crues et ont un go\u00fbt d'ail tr\u00e8s subtil, semblable \u00e0 celui de l'ail de la ciboulette. Lorsqu'elles sont cuites, la saveur des feuilles devient plus douce et plus sucr\u00e9e. La feuille est souvent finement hach\u00e9e et utilis\u00e9e pour remplacer l'ail et d'autres herbes dans de nombreuses recettes. Le bulbe peut \u00eatre utilis\u00e9 de la m\u00eame mani\u00e8re que la gousse d'ail.<\/p>\n<p><strong>Modes d'utilisation :<\/strong><br \/>\nLes plats populaires utilisant la plante comprennent le pesto, les soupes, les p\u00e2tes, le fromage, les scones et la devonnaise ; elle est excellente dans le tartare et le ceviche crus.<br \/>\nPoids 85gr-\u00e9goutt\u00e9 50gr<br \/>\nConserver dans un endroit ombrag\u00e9, apr\u00e8s ouverture conserver au r\u00e9frig\u00e9rateur.<br \/>\nOrigine Gr\u00e8ce.<\/p>","protected":false},"excerpt":{"rendered":"<div class=\"wp-block-post-excerpt\">\n<p class=\"wp-block-post-excerpt__excerpt\">Les pousses de l'Allium ursinum sont la partie la plus utilis\u00e9e dans l'alimentation. Les feuilles peuvent \u00eatre utilis\u00e9es dans les salades crues et ont un go\u00fbt d'ail tr\u00e8s subtil, semblable \u00e0 celui de l'ail de la ciboulette. Lorsqu'elles sont cuites, la saveur des feuilles devient plus douce et plus sucr\u00e9e. La feuille est souvent finement hach\u00e9e et utilis\u00e9e pour remplacer l'ail et d'autres herbes dans de nombreuses recettes. Le bulbe peut \u00eatre utilis\u00e9 de la m\u00eame mani\u00e8re que la gousse d'ail. D\u00e9lai de livraison 3 - 5 jours<\/p>\n<\/div>\n<div class=\"wp-block-group is-layout-constrained wp-block-group-is-layout-constrained\">\n<div class=\"wp-block-group is-layout-flow wp-container-core-group-is-layout-3 wp-block-group-is-layout-flow\">\n<div class=\"wp-block-add-to-cart-form wc-block-add-to-cart-form wc-block-add-to-cart-form--input wp-block-woocommerce-add-to-cart-form\" data-block-name=\"woocommerce\/add-to-cart-form\"><\/div>\n<\/div>\n<\/div>","protected":false},"featured_media":746,"comment_status":"closed","ping_status":"closed","template":"","meta":{"_coblocks_attr":"","_coblocks_dimensions":"","_coblocks_responsive_height":"","_coblocks_accordion_ie_support":"","content-type":""},"product_brand":[],"product_cat":[80],"product_tag":[89,94,93],"class_list":{"0":"post-744","1":"product","2":"type-product","3":"status-publish","4":"has-post-thumbnail","6":"product_cat-pickles-en","7":"product_tag-oil","8":"product_tag-pickles","9":"product_tag-ramson-capers","11":"first","12":"instock","13":"taxable","14":"shipping-taxable","15":"product-type-simple"},"_links":{"self":[{"href":"https:\/\/agora-tas.com\/fr\/wp-json\/wp\/v2\/product\/744","targetHints":{"allow":["GET"]}}],"collection":[{"href":"https:\/\/agora-tas.com\/fr\/wp-json\/wp\/v2\/product"}],"about":[{"href":"https:\/\/agora-tas.com\/fr\/wp-json\/wp\/v2\/types\/product"}],"replies":[{"embeddable":true,"href":"https:\/\/agora-tas.com\/fr\/wp-json\/wp\/v2\/comments?post=744"}],"wp:featuredmedia":[{"embeddable":true,"href":"https:\/\/agora-tas.com\/fr\/wp-json\/wp\/v2\/media\/746"}],"wp:attachment":[{"href":"https:\/\/agora-tas.com\/fr\/wp-json\/wp\/v2\/media?parent=744"}],"wp:term":[{"taxonomy":"product_brand","embeddable":true,"href":"https:\/\/agora-tas.com\/fr\/wp-json\/wp\/v2\/product_brand?post=744"},{"taxonomy":"product_cat","embeddable":true,"href":"https:\/\/agora-tas.com\/fr\/wp-json\/wp\/v2\/product_cat?post=744"},{"taxonomy":"product_tag","embeddable":true,"href":"https:\/\/agora-tas.com\/fr\/wp-json\/wp\/v2\/product_tag?post=744"}],"curies":[{"name":"wp","href":"https:\/\/api.w.org\/{rel}","templated":true}]}}