{"id":197,"date":"2024-12-03T18:26:57","date_gmt":"2024-12-03T18:26:57","guid":{"rendered":"https:\/\/agora-tas.com\/?post_type=product&#038;p=197"},"modified":"2025-10-18T12:26:33","modified_gmt":"2025-10-18T12:26:33","slug":"fresh-white-truffle-tuber-magnatum-pico-100g","status":"publish","type":"product","link":"https:\/\/agora-tas.com\/fr\/produit\/fresh-white-truffle-tuber-magnatum-pico-100g\/","title":{"rendered":"Truffe blanche grecque fra\u00eeche (Tuber magnatum pico)"},"content":{"rendered":"<p>Laissez-vous tenter par la saveur exquise de la truffe blanche grecque fra\u00eeche (Tuber magnatum pico), r\u00e9colt\u00e9e avec soin dans les paysages immacul\u00e9s de Gr\u00e8ce. R\u00e9put\u00e9e pour son ar\u00f4me d\u00e9licat et son go\u00fbt incomparable, cette truffe est un v\u00e9ritable d\u00e9lice gastronomique.<\/p>\n<p>*Caract\u00e9ristiques principales\u00a0:*<br \/>\n\u2013 *Ar\u00f4me in\u00e9gal\u00e9*\u00a0: c\u00e9l\u00e8bre pour son parfum enivrant et son profil de saveur subtil mais complexe, la truffe blanche fra\u00eeche offre des notes d\u2019ail, des nuances terreuses et des notes de noix qui \u00e9l\u00e8vent n\u2019importe quel plat vers de nouveaux sommets culinaires.<br \/>\n\u2013 *Polyvalence culinaire* : Parfaites pour r\u00e2per sur des risottos, des p\u00e2tes et des salades, ou infus\u00e9es dans des cr\u00e8mes et des sauces, ces truffes apportent un air de sophistication et de gourmandise \u00e0 vos cr\u00e9ations.<br \/>\n\u2013 *Ingr\u00e9dient gastronomique*\u00a0: Id\u00e9ale pour rehausser les huiles, les beurres et les vinaigrettes \u00e0 la truffe, la truffe blanche fra\u00eeche est un ajout luxueux qui peut transformer les repas de tous les jours en exp\u00e9riences culinaires extraordinaires.<br \/>\n\u2013 *Origine grecque authentique\u00a0:* Fi\u00e8rement r\u00e9colt\u00e9es sur les riches sols de Gr\u00e8ce, nos truffes blanches fra\u00eeches refl\u00e8tent l\u2019engagement de la r\u00e9gion envers la qualit\u00e9 et l\u2019authenticit\u00e9, promettant une exp\u00e9rience gustative exceptionnelle.<br \/>\nPoids : 100g<\/p>","protected":false},"excerpt":{"rendered":"<p>Laissez-vous tenter par la saveur exquise de la truffe blanche grecque fra\u00eeche (Tuber magnatum pico), r\u00e9colt\u00e9e avec soin dans les paysages immacul\u00e9s de Gr\u00e8ce. R\u00e9put\u00e9e pour son ar\u00f4me d\u00e9licat et son go\u00fbt incomparable, cette truffe est un v\u00e9ritable d\u00e9lice gastronomique.<br \/>\n<strong>Delivery time 3 &#8211; 5 days<\/strong><\/p>","protected":false},"featured_media":198,"comment_status":"closed","ping_status":"closed","template":"","meta":{"_coblocks_attr":"","_coblocks_dimensions":"","_coblocks_responsive_height":"","_coblocks_accordion_ie_support":"","content-type":""},"product_brand":[],"product_cat":[78],"product_tag":[88,87],"class_list":{"0":"post-197","1":"product","2":"type-product","3":"status-publish","4":"has-post-thumbnail","6":"product_cat-outof-season-el","7":"product_tag-fresh","8":"product_tag-truffle","10":"first","11":"instock","12":"taxable","13":"shipping-taxable","14":"product-type-simple"},"_links":{"self":[{"href":"https:\/\/agora-tas.com\/fr\/wp-json\/wp\/v2\/product\/197","targetHints":{"allow":["GET"]}}],"collection":[{"href":"https:\/\/agora-tas.com\/fr\/wp-json\/wp\/v2\/product"}],"about":[{"href":"https:\/\/agora-tas.com\/fr\/wp-json\/wp\/v2\/types\/product"}],"replies":[{"embeddable":true,"href":"https:\/\/agora-tas.com\/fr\/wp-json\/wp\/v2\/comments?post=197"}],"wp:featuredmedia":[{"embeddable":true,"href":"https:\/\/agora-tas.com\/fr\/wp-json\/wp\/v2\/media\/198"}],"wp:attachment":[{"href":"https:\/\/agora-tas.com\/fr\/wp-json\/wp\/v2\/media?parent=197"}],"wp:term":[{"taxonomy":"product_brand","embeddable":true,"href":"https:\/\/agora-tas.com\/fr\/wp-json\/wp\/v2\/product_brand?post=197"},{"taxonomy":"product_cat","embeddable":true,"href":"https:\/\/agora-tas.com\/fr\/wp-json\/wp\/v2\/product_cat?post=197"},{"taxonomy":"product_tag","embeddable":true,"href":"https:\/\/agora-tas.com\/fr\/wp-json\/wp\/v2\/product_tag?post=197"}],"curies":[{"name":"wp","href":"https:\/\/api.w.org\/{rel}","templated":true}]}}