{"id":195,"date":"2024-12-03T18:25:07","date_gmt":"2024-12-03T18:25:07","guid":{"rendered":"https:\/\/agora-tas.com\/?post_type=product&#038;p=195"},"modified":"2025-10-18T12:26:06","modified_gmt":"2025-10-18T12:26:06","slug":"fresh-black-truffle-melanosporum-100g","status":"publish","type":"product","link":"https:\/\/agora-tas.com\/fr\/produit\/fresh-black-truffle-melanosporum-100g\/","title":{"rendered":"Truffe noire grecque fra\u00eeche Melanosporum"},"content":{"rendered":"<p>Savourez le charme incomparable de la truffe noire grecque fra\u00eeche Melanosporum, fra\u00eechement r\u00e9colt\u00e9e sur les terres luxuriantes de Gr\u00e8ce. Reconnues comme l'une des meilleures vari\u00e9t\u00e9s de truffes au monde, ces truffes grecques offrent une saveur et un ar\u00f4me exquis qui rehausseront toute exp\u00e9rience culinaire.<\/p>\n<p><strong>*Caract\u00e9ristiques principales\u00a0:*<\/strong><br \/>\n\u2013 *Saveur exceptionnelle* : Connue pour son parfum profond et terreux et son go\u00fbt complexe, la truffe noire Melanosporum offre une combinaison unique de notes de noisette, de chocolat et d\u2019ail, ce qui en fait un ingr\u00e9dient pris\u00e9 pour les plats gastronomiques.<br \/>\n\u2013 *Polyvalence culinaire\u00a0:* les truffes fra\u00eeches peuvent \u00eatre d\u00e9licatement r\u00e2p\u00e9es sur des p\u00e2tes, des risottos et des salades, ou utilis\u00e9es pour rehausser les sauces, les omelettes et les plats cr\u00e9meux, apportant une \u00e9l\u00e9gance incomparable \u00e0 chaque assiette.<br \/>\n\u2013 *Ingr\u00e9dient gastronomique*\u00a0: Id\u00e9ales pour les huiles, beurres et tartinades infus\u00e9s \u00e0 la truffe, ces truffes fra\u00eeches peuvent transformer des ingr\u00e9dients simples en cr\u00e9ations culinaires d\u00e9cadentes.<br \/>\n\u2013 *Origine grecque authentique\u00a0:* Fi\u00e8rement issue des terres fertiles de Gr\u00e8ce, notre truffe noire fra\u00eeche Melanosporum incarne le riche h\u00e9ritage culinaire de la r\u00e9gion et son engagement envers la qualit\u00e9.<br \/>\nPoids : 100g<\/p>","protected":false},"excerpt":{"rendered":"<p>Savourez le charme incomparable de la truffe noire grecque fra\u00eeche Melanosporum, fra\u00eechement r\u00e9colt\u00e9e sur les terres luxuriantes de Gr\u00e8ce. Reconnues comme l'une des meilleures vari\u00e9t\u00e9s de truffes au monde, ces truffes grecques offrent une saveur et un ar\u00f4me exquis qui rehausseront toute exp\u00e9rience culinaire.<\/p>\n<p><strong>Delivery time 3 &#8211; 5 days<\/strong><\/p>","protected":false},"featured_media":196,"comment_status":"closed","ping_status":"closed","template":"","meta":{"_coblocks_attr":"","_coblocks_dimensions":"","_coblocks_responsive_height":"","_coblocks_accordion_ie_support":"","content-type":""},"product_brand":[],"product_cat":[78],"product_tag":[88,87],"class_list":{"0":"post-195","1":"product","2":"type-product","3":"status-publish","4":"has-post-thumbnail","6":"product_cat-outof-season-el","7":"product_tag-fresh","8":"product_tag-truffle","10":"first","11":"instock","12":"taxable","13":"shipping-taxable","14":"product-type-simple"},"_links":{"self":[{"href":"https:\/\/agora-tas.com\/fr\/wp-json\/wp\/v2\/product\/195","targetHints":{"allow":["GET"]}}],"collection":[{"href":"https:\/\/agora-tas.com\/fr\/wp-json\/wp\/v2\/product"}],"about":[{"href":"https:\/\/agora-tas.com\/fr\/wp-json\/wp\/v2\/types\/product"}],"replies":[{"embeddable":true,"href":"https:\/\/agora-tas.com\/fr\/wp-json\/wp\/v2\/comments?post=195"}],"wp:featuredmedia":[{"embeddable":true,"href":"https:\/\/agora-tas.com\/fr\/wp-json\/wp\/v2\/media\/196"}],"wp:attachment":[{"href":"https:\/\/agora-tas.com\/fr\/wp-json\/wp\/v2\/media?parent=195"}],"wp:term":[{"taxonomy":"product_brand","embeddable":true,"href":"https:\/\/agora-tas.com\/fr\/wp-json\/wp\/v2\/product_brand?post=195"},{"taxonomy":"product_cat","embeddable":true,"href":"https:\/\/agora-tas.com\/fr\/wp-json\/wp\/v2\/product_cat?post=195"},{"taxonomy":"product_tag","embeddable":true,"href":"https:\/\/agora-tas.com\/fr\/wp-json\/wp\/v2\/product_tag?post=195"}],"curies":[{"name":"wp","href":"https:\/\/api.w.org\/{rel}","templated":true}]}}