{"id":192,"date":"2024-12-03T18:10:31","date_gmt":"2024-12-03T18:10:31","guid":{"rendered":"https:\/\/agora-tas.com\/?post_type=product&#038;p=192"},"modified":"2025-10-18T12:27:46","modified_gmt":"2025-10-18T12:27:46","slug":"black-truffle-paste-280g","status":"publish","type":"product","link":"https:\/\/agora-tas.com\/fr\/produit\/black-truffle-paste-280g\/","title":{"rendered":"P\u00e2te de truffe grecque noire 280g"},"content":{"rendered":"<p>Cette sauce grecque aux truffes noires, infus\u00e9e de champignons et de truffes grecques, offre un go\u00fbt unique et d\u00e9licieux. Elle se marie \u00e0 merveille avec les p\u00e2tes, les spaghettis, sert de trempette et est parfaite pour les pommes de terre ou les ap\u00e9ritifs sur du pain ou de la bruschetta.<\/p>\n<p>Excellente base pour diverses cr\u00e9ations culinaires, la sauce aux truffes Tartufi de FORAGE est \u00e9labor\u00e9e \u00e0 partir de champignons, de truffes et d'ingr\u00e9dients naturels de haute qualit\u00e9. Sa qualit\u00e9 exceptionnelle et sa saveur authentique en font un favori des novices et des amateurs de truffes.<br \/>\nLa sauce aux truffes FORAGE Tartufi compl\u00e8te \u00e0 merveille de nombreux plats de p\u00e2tes et de riz. Elle est \u00e9galement fantastique dans les omelettes ou dans des recettes plus complexes comme la b\u00e9chamel aux truffes, la mayonnaise ou la cr\u00e8me aux truffes. L'une des applications les plus simples et les plus d\u00e9licieuses de ce produit est le risotto aux truffes.<\/p>\n<p>Cette sauce grecque aux truffes est parfaite pour ceux qui ne connaissent pas encore les truffes et qui souhaitent d\u00e9couvrir leur saveur. Choisissez parmi diff\u00e9rentes vari\u00e9t\u00e9s de sauce et d\u00e9couvrez la riche intensit\u00e9 de l'ar\u00f4me de la truffe.<br \/>\nPoids : 280g.<\/p>","protected":false},"excerpt":{"rendered":"<p>Cette sauce grecque aux truffes noires, infus\u00e9e de champignons et de truffes grecques, offre un go\u00fbt unique et d\u00e9licieux. Elle se marie \u00e0 merveille avec les p\u00e2tes, les spaghettis, sert de trempette et est parfaite pour les pommes de terre ou les ap\u00e9ritifs sur du pain ou de la bruschetta.<\/p>\n<p><strong>D\u00e9lai de livraison 3 - 5 jours<\/strong><\/p>","protected":false},"featured_media":193,"comment_status":"closed","ping_status":"closed","template":"","meta":{"_coblocks_attr":"","_coblocks_dimensions":"","_coblocks_responsive_height":"","_coblocks_accordion_ie_support":"","content-type":""},"product_brand":[],"product_cat":[25],"product_tag":[91,87],"class_list":{"0":"post-192","1":"product","2":"type-product","3":"status-publish","4":"has-post-thumbnail","6":"product_cat-truffle-products","7":"product_tag-paste","8":"product_tag-truffle","10":"first","11":"instock","12":"taxable","13":"shipping-taxable","14":"product-type-simple"},"_links":{"self":[{"href":"https:\/\/agora-tas.com\/fr\/wp-json\/wp\/v2\/product\/192","targetHints":{"allow":["GET"]}}],"collection":[{"href":"https:\/\/agora-tas.com\/fr\/wp-json\/wp\/v2\/product"}],"about":[{"href":"https:\/\/agora-tas.com\/fr\/wp-json\/wp\/v2\/types\/product"}],"replies":[{"embeddable":true,"href":"https:\/\/agora-tas.com\/fr\/wp-json\/wp\/v2\/comments?post=192"}],"wp:featuredmedia":[{"embeddable":true,"href":"https:\/\/agora-tas.com\/fr\/wp-json\/wp\/v2\/media\/193"}],"wp:attachment":[{"href":"https:\/\/agora-tas.com\/fr\/wp-json\/wp\/v2\/media?parent=192"}],"wp:term":[{"taxonomy":"product_brand","embeddable":true,"href":"https:\/\/agora-tas.com\/fr\/wp-json\/wp\/v2\/product_brand?post=192"},{"taxonomy":"product_cat","embeddable":true,"href":"https:\/\/agora-tas.com\/fr\/wp-json\/wp\/v2\/product_cat?post=192"},{"taxonomy":"product_tag","embeddable":true,"href":"https:\/\/agora-tas.com\/fr\/wp-json\/wp\/v2\/product_tag?post=192"}],"curies":[{"name":"wp","href":"https:\/\/api.w.org\/{rel}","templated":true}]}}