{"id":190,"date":"2024-12-03T18:09:01","date_gmt":"2024-12-03T18:09:01","guid":{"rendered":"https:\/\/agora-tas.com\/?post_type=product&#038;p=190"},"modified":"2025-10-18T12:28:10","modified_gmt":"2025-10-18T12:28:10","slug":"thin-slices-of-black-truffle-carpaccio-in-oil-50g","status":"publish","type":"product","link":"https:\/\/agora-tas.com\/fr\/produit\/thin-slices-of-black-truffle-carpaccio-in-oil-50g\/","title":{"rendered":"Fines tranches de truffe noire grecque (Carpaccio) dans l'huile 50g"},"content":{"rendered":"<p>Les fines tranches de truffe noire grecque (carpaccio) conserv\u00e9es dans l'huile sont parfaites pour rehausser \u00e0 la fois la saveur et la pr\u00e9sentation de n'importe quel plat, en ajoutant une touche d'\u00e9l\u00e9gance. Conserv\u00e9 dans de l'huile d'olive extra vierge de haute qualit\u00e9 et sans conservateurs, ce produit conserve sa fra\u00eecheur.<\/p>\n<p>Une fois ouvert, il se conserve au r\u00e9frig\u00e9rateur jusqu'\u00e0 30 jours. Id\u00e9al pour accompagner du pain grill\u00e9, des salades, des p\u00e2tes, des \u0153ufs, du riz, des viandes, des fruits de mer et des asperges grill\u00e9es. Il est pr\u00e9f\u00e9rable d'\u00e9viter de l'associer \u00e0 des tomates et \u00e0 des \u00e9pices fortes. Ce champignon souterrain poss\u00e8de une grande valeur nutritionnelle et commerciale, et garnit et parfume \u00e0 merveille les repas haut de gamme.<br \/>\nPoids : 50g.<br \/>\nOrigine : Gr\u00e8ce.<\/p>","protected":false},"excerpt":{"rendered":"<p>Les fines tranches de truffe noire grecque (carpaccio) conserv\u00e9es dans l'huile sont parfaites pour rehausser \u00e0 la fois la saveur et la pr\u00e9sentation de n'importe quel plat, en ajoutant une touche d'\u00e9l\u00e9gance. Conserv\u00e9 dans de l'huile d'olive extra vierge de haute qualit\u00e9 et sans conservateurs, ce produit conserve sa fra\u00eecheur. <strong>D\u00e9lai de livraison 3 - 5 jours<\/strong><\/p>","protected":false},"featured_media":191,"comment_status":"closed","ping_status":"closed","template":"","meta":{"_coblocks_attr":"","_coblocks_dimensions":"","_coblocks_responsive_height":"","_coblocks_accordion_ie_support":"","content-type":""},"product_brand":[],"product_cat":[25],"product_tag":[90,87],"class_list":{"0":"post-190","1":"product","2":"type-product","3":"status-publish","4":"has-post-thumbnail","6":"product_cat-truffle-products","7":"product_tag-carpaccio","8":"product_tag-truffle","10":"first","11":"instock","12":"taxable","13":"shipping-taxable","14":"product-type-simple"},"_links":{"self":[{"href":"https:\/\/agora-tas.com\/fr\/wp-json\/wp\/v2\/product\/190","targetHints":{"allow":["GET"]}}],"collection":[{"href":"https:\/\/agora-tas.com\/fr\/wp-json\/wp\/v2\/product"}],"about":[{"href":"https:\/\/agora-tas.com\/fr\/wp-json\/wp\/v2\/types\/product"}],"replies":[{"embeddable":true,"href":"https:\/\/agora-tas.com\/fr\/wp-json\/wp\/v2\/comments?post=190"}],"wp:featuredmedia":[{"embeddable":true,"href":"https:\/\/agora-tas.com\/fr\/wp-json\/wp\/v2\/media\/191"}],"wp:attachment":[{"href":"https:\/\/agora-tas.com\/fr\/wp-json\/wp\/v2\/media?parent=190"}],"wp:term":[{"taxonomy":"product_brand","embeddable":true,"href":"https:\/\/agora-tas.com\/fr\/wp-json\/wp\/v2\/product_brand?post=190"},{"taxonomy":"product_cat","embeddable":true,"href":"https:\/\/agora-tas.com\/fr\/wp-json\/wp\/v2\/product_cat?post=190"},{"taxonomy":"product_tag","embeddable":true,"href":"https:\/\/agora-tas.com\/fr\/wp-json\/wp\/v2\/product_tag?post=190"}],"curies":[{"name":"wp","href":"https:\/\/api.w.org\/{rel}","templated":true}]}}