{"id":186,"date":"2024-12-03T14:46:23","date_gmt":"2024-12-03T14:46:23","guid":{"rendered":"https:\/\/agora-tas.com\/?post_type=product&#038;p=186"},"modified":"2025-10-18T12:28:36","modified_gmt":"2025-10-18T12:28:36","slug":"black-truffle-oil-250ml","status":"publish","type":"product","link":"https:\/\/agora-tas.com\/fr\/produit\/black-truffle-oil-250ml\/","title":{"rendered":"Huile de truffe noire grecque 250ML"},"content":{"rendered":"<p>L'huile de truffe grecque est une huile infus\u00e9e qui contient l'essence des truffes grecques, qu'elles soient blanches ou noires, qui sont des mets d\u00e9licats bien connus. Cette huile poss\u00e8de un ar\u00f4me puissant et est utilis\u00e9e pour donner un parfum subtil de truffe \u00e0 divers plats.<\/p>\n<p>L'huile de truffe noire grecque est un composant tr\u00e8s polyvalent qui peut \u00eatre incorpor\u00e9 dans de nombreuses pr\u00e9parations culinaires. Elle excelle dans la cuisine italienne et fran\u00e7aise, o\u00f9 elle rehausse le go\u00fbt des p\u00e2tes, des risottos et des viandes grill\u00e9es. De plus, c'est un ingr\u00e9dient privil\u00e9gi\u00e9 dans les pizzas gastronomiques, conf\u00e9rant une saveur distinctive et raffin\u00e9e aux vari\u00e9t\u00e9s de pizzas conventionnelles.<\/p>","protected":false},"excerpt":{"rendered":"<p>L'huile de truffe est une huile infus\u00e9e qui contient l'essence des truffes, qu'elles soient blanches ou noires, qui sont des mets r\u00e9put\u00e9s. Cette huile poss\u00e8de un ar\u00f4me puissant et est utilis\u00e9e pour conf\u00e9rer un subtil parfum de truffe \u00e0 divers plats. <strong>D\u00e9lai de livraison 3 - 5 jours<\/strong><\/p>","protected":false},"featured_media":734,"comment_status":"closed","ping_status":"closed","template":"","meta":{"_coblocks_attr":"","_coblocks_dimensions":"","_coblocks_responsive_height":"","_coblocks_accordion_ie_support":"","content-type":""},"product_brand":[],"product_cat":[25],"product_tag":[89,87],"class_list":{"0":"post-186","1":"product","2":"type-product","3":"status-publish","4":"has-post-thumbnail","6":"product_cat-truffle-products","7":"product_tag-oil","8":"product_tag-truffle","10":"first","11":"instock","12":"taxable","13":"shipping-taxable","14":"product-type-simple"},"_links":{"self":[{"href":"https:\/\/agora-tas.com\/fr\/wp-json\/wp\/v2\/product\/186","targetHints":{"allow":["GET"]}}],"collection":[{"href":"https:\/\/agora-tas.com\/fr\/wp-json\/wp\/v2\/product"}],"about":[{"href":"https:\/\/agora-tas.com\/fr\/wp-json\/wp\/v2\/types\/product"}],"replies":[{"embeddable":true,"href":"https:\/\/agora-tas.com\/fr\/wp-json\/wp\/v2\/comments?post=186"}],"wp:featuredmedia":[{"embeddable":true,"href":"https:\/\/agora-tas.com\/fr\/wp-json\/wp\/v2\/media\/734"}],"wp:attachment":[{"href":"https:\/\/agora-tas.com\/fr\/wp-json\/wp\/v2\/media?parent=186"}],"wp:term":[{"taxonomy":"product_brand","embeddable":true,"href":"https:\/\/agora-tas.com\/fr\/wp-json\/wp\/v2\/product_brand?post=186"},{"taxonomy":"product_cat","embeddable":true,"href":"https:\/\/agora-tas.com\/fr\/wp-json\/wp\/v2\/product_cat?post=186"},{"taxonomy":"product_tag","embeddable":true,"href":"https:\/\/agora-tas.com\/fr\/wp-json\/wp\/v2\/product_tag?post=186"}],"curies":[{"name":"wp","href":"https:\/\/api.w.org\/{rel}","templated":true}]}}