{"id":92,"date":"2024-11-28T07:33:24","date_gmt":"2024-11-28T07:33:24","guid":{"rendered":"https:\/\/agora-tas.com\/?page_id=92"},"modified":"2025-03-06T13:09:57","modified_gmt":"2025-03-06T13:09:57","slug":"blog","status":"publish","type":"page","link":"https:\/\/agora-tas.com\/fr\/blog\/","title":{"rendered":"Blog"},"content":{"rendered":"<div class=\"wp-block-group ona-container mb-0 mt-0 is-layout-constrained wp-block-group-is-layout-constrained\">\n<div class=\"wp-block-query alignwide is-layout-flow wp-block-query-is-layout-flow\"><ul class=\"columns-2 ona-post is-style-default wp-block-post-template has-small-font-size is-layout-grid wp-container-core-post-template-is-layout-172451c8 wp-block-post-template-is-layout-grid\"><li class=\"wp-block-post post-835 post type-post status-publish format-standard has-post-thumbnail hentry category-news tag-luxurious-spice tag-truffles\">\n\n<article class=\"wp-block-group mt-0 is-layout-constrained wp-block-group-is-layout-constrained\"><div class=\"taxonomy-category has-text-align-center ona-text-letter-spacing wp-block-post-terms has-tiny-font-size\"><a href=\"https:\/\/agora-tas.com\/fr\/category\/news\/\" rel=\"tag\">Nouvelles<\/a><\/div>\n\n\n<div class=\"wp-block-group is-layout-flow wp-block-group-is-layout-flow\" style=\"padding-right:10%;padding-left:10%\"><h3 class=\"has-text-align-center wp-block-post-title has-small-font-size\"><a href=\"https:\/\/agora-tas.com\/fr\/2025\/06\/summer-food-truffle\/\" target=\"_self\" >Comment utiliser la truffe d'\u00e9t\u00e9 dans les plats d'\u00e9t\u00e9 ?<\/a><\/h3><\/div>\n\n\n<div class=\"has-text-align-center wp-block-post-date has-tiny-font-size\"><time datetime=\"2025-06-22T08:44:57+00:00\">22 juin 2025<\/time><\/div>\n\n\n<div style=\"height:16px\" aria-hidden=\"true\" class=\"wp-block-spacer\"><\/div>\n\n\n<figure style=\"height:100%; margin-right:var(--wp--preset--spacing--20);margin-left:var(--wp--preset--spacing--20);\" class=\"hover-scale wp-block-post-featured-image\"><a href=\"https:\/\/agora-tas.com\/fr\/2025\/06\/summer-food-truffle\/\" target=\"_self\"  style=\"height:100%\"><img loading=\"lazy\" decoding=\"async\" width=\"1170\" height=\"778\" src=\"https:\/\/agora-tas.com\/wp-content\/uploads\/2025\/06\/truffle-eggs-summer-food-wp-1170x778.jpg\" class=\"attachment-post-thumbnail size-post-thumbnail wp-post-image\" alt=\"How to use summer truffle in summer food\" style=\"border-radius:20px;height:100%;object-fit:cover;\" srcset=\"https:\/\/agora-tas.com\/wp-content\/uploads\/2025\/06\/truffle-eggs-summer-food-wp-1170x778.jpg 1170w, https:\/\/agora-tas.com\/wp-content\/uploads\/2025\/06\/truffle-eggs-summer-food-wp-300x200.jpg 300w, https:\/\/agora-tas.com\/wp-content\/uploads\/2025\/06\/truffle-eggs-summer-food-wp-1024x681.jpg 1024w, https:\/\/agora-tas.com\/wp-content\/uploads\/2025\/06\/truffle-eggs-summer-food-wp-768x511.jpg 768w, https:\/\/agora-tas.com\/wp-content\/uploads\/2025\/06\/truffle-eggs-summer-food-wp-18x12.jpg 18w, https:\/\/agora-tas.com\/wp-content\/uploads\/2025\/06\/truffle-eggs-summer-food-wp-600x399.jpg 600w, https:\/\/agora-tas.com\/wp-content\/uploads\/2025\/06\/truffle-eggs-summer-food-wp.jpg 1536w\" sizes=\"auto, (max-width: 1170px) 100vw, 1170px\" \/><\/a><\/figure><\/article>\n\n<\/li><li class=\"wp-block-post post-820 post type-post status-publish format-standard has-post-thumbnail hentry category-news tag-luxurious-spice tag-truffles\">\n\n<article class=\"wp-block-group mt-0 is-layout-constrained wp-block-group-is-layout-constrained\"><div class=\"taxonomy-category has-text-align-center ona-text-letter-spacing wp-block-post-terms has-tiny-font-size\"><a href=\"https:\/\/agora-tas.com\/fr\/category\/news\/\" rel=\"tag\">Nouvelles<\/a><\/div>\n\n\n<div class=\"wp-block-group is-layout-flow wp-block-group-is-layout-flow\" style=\"padding-right:10%;padding-left:10%\"><h3 class=\"has-text-align-center wp-block-post-title has-small-font-size\"><a href=\"https:\/\/agora-tas.com\/fr\/2025\/05\/a-gourmet-guide-to-truffle-paste-2\/\" target=\"_self\" >Truffe blanche grecque et p\u00e2tes : Un accord culinaire en or . Le luxe en une bouch\u00e9e...<\/a><\/h3><\/div>\n\n\n<div class=\"has-text-align-center wp-block-post-date has-tiny-font-size\"><time datetime=\"2025-05-25T09:35:10+00:00\">25 mai 2025<\/time><\/div>\n\n\n<div style=\"height:16px\" aria-hidden=\"true\" class=\"wp-block-spacer\"><\/div>\n\n\n<figure style=\"height:100%; margin-right:var(--wp--preset--spacing--20);margin-left:var(--wp--preset--spacing--20);\" class=\"hover-scale wp-block-post-featured-image\"><a href=\"https:\/\/agora-tas.com\/fr\/2025\/05\/a-gourmet-guide-to-truffle-paste-2\/\" target=\"_self\"  style=\"height:100%\"><img loading=\"lazy\" decoding=\"async\" width=\"1170\" height=\"778\" src=\"https:\/\/agora-tas.com\/wp-content\/uploads\/2025\/05\/wp-1170x778.jpg\" class=\"attachment-post-thumbnail size-post-thumbnail wp-post-image\" alt=\"Greek White Truffle and Pasta: A Golden Culinary Pairing . Luxury in a Bite&#8230;\" style=\"border-radius:20px;height:100%;object-fit:cover;\" srcset=\"https:\/\/agora-tas.com\/wp-content\/uploads\/2025\/05\/wp-1170x778.jpg 1170w, https:\/\/agora-tas.com\/wp-content\/uploads\/2025\/05\/wp-300x200.jpg 300w, https:\/\/agora-tas.com\/wp-content\/uploads\/2025\/05\/wp-1024x681.jpg 1024w, https:\/\/agora-tas.com\/wp-content\/uploads\/2025\/05\/wp-768x511.jpg 768w, https:\/\/agora-tas.com\/wp-content\/uploads\/2025\/05\/wp-18x12.jpg 18w, https:\/\/agora-tas.com\/wp-content\/uploads\/2025\/05\/wp-600x399.jpg 600w, https:\/\/agora-tas.com\/wp-content\/uploads\/2025\/05\/wp.jpg 1536w\" sizes=\"auto, (max-width: 1170px) 100vw, 1170px\" \/><\/a><\/figure><\/article>\n\n<\/li><li class=\"wp-block-post post-750 post type-post status-publish format-standard has-post-thumbnail hentry category-news\">\n\n<article class=\"wp-block-group mt-0 is-layout-constrained wp-block-group-is-layout-constrained\"><div class=\"taxonomy-category has-text-align-center ona-text-letter-spacing wp-block-post-terms has-tiny-font-size\"><a href=\"https:\/\/agora-tas.com\/fr\/category\/news\/\" rel=\"tag\">Nouvelles<\/a><\/div>\n\n\n<div class=\"wp-block-group is-layout-flow wp-block-group-is-layout-flow\" style=\"padding-right:10%;padding-left:10%\"><h3 class=\"has-text-align-center wp-block-post-title has-small-font-size\"><a href=\"https:\/\/agora-tas.com\/fr\/2025\/04\/a-gourmet-guide-to-truffle-paste\/\" target=\"_self\" >Guide gastronomique de la p\u00e2te de truffe : Ce que c'est et comment l'utiliser en cuisine<\/a><\/h3><\/div>\n\n\n<div class=\"has-text-align-center wp-block-post-date has-tiny-font-size\"><time datetime=\"2025-04-28T18:22:24+00:00\">28 avril 2025<\/time><\/div>\n\n\n<div style=\"height:16px\" aria-hidden=\"true\" class=\"wp-block-spacer\"><\/div>\n\n\n<figure style=\"height:100%; margin-right:var(--wp--preset--spacing--20);margin-left:var(--wp--preset--spacing--20);\" class=\"hover-scale wp-block-post-featured-image\"><a href=\"https:\/\/agora-tas.com\/fr\/2025\/04\/a-gourmet-guide-to-truffle-paste\/\" target=\"_self\"  style=\"height:100%\"><img loading=\"lazy\" decoding=\"async\" width=\"1170\" height=\"778\" src=\"https:\/\/agora-tas.com\/wp-content\/uploads\/2025\/04\/RC6-1170x778.jpg\" class=\"attachment-post-thumbnail size-post-thumbnail wp-post-image\" alt=\"A Gourmet Guide to Truffle Paste: What it is and how to use it in Cooking\" style=\"border-radius:20px;height:100%;object-fit:cover;\" srcset=\"https:\/\/agora-tas.com\/wp-content\/uploads\/2025\/04\/RC6-1170x778.jpg 1170w, https:\/\/agora-tas.com\/wp-content\/uploads\/2025\/04\/RC6-300x200.jpg 300w, https:\/\/agora-tas.com\/wp-content\/uploads\/2025\/04\/RC6-1024x681.jpg 1024w, https:\/\/agora-tas.com\/wp-content\/uploads\/2025\/04\/RC6-768x511.jpg 768w, https:\/\/agora-tas.com\/wp-content\/uploads\/2025\/04\/RC6-18x12.jpg 18w, https:\/\/agora-tas.com\/wp-content\/uploads\/2025\/04\/RC6-600x399.jpg 600w, https:\/\/agora-tas.com\/wp-content\/uploads\/2025\/04\/RC6.jpg 1536w\" sizes=\"auto, (max-width: 1170px) 100vw, 1170px\" \/><\/a><\/figure><\/article>\n\n<\/li><li class=\"wp-block-post post-740 post type-post status-publish format-standard has-post-thumbnail hentry category-news\">\n\n<article class=\"wp-block-group mt-0 is-layout-constrained wp-block-group-is-layout-constrained\"><div class=\"taxonomy-category has-text-align-center ona-text-letter-spacing wp-block-post-terms has-tiny-font-size\"><a href=\"https:\/\/agora-tas.com\/fr\/category\/news\/\" rel=\"tag\">Nouvelles<\/a><\/div>\n\n\n<div class=\"wp-block-group is-layout-flow wp-block-group-is-layout-flow\" style=\"padding-right:10%;padding-left:10%\"><h3 class=\"has-text-align-center wp-block-post-title has-small-font-size\"><a href=\"https:\/\/agora-tas.com\/fr\/2025\/04\/unique-flavor-of-ramson-capers\/\" target=\"_self\" >D\u00e9couvrez la saveur unique des c\u00e2pres de Ramson : Un d\u00e9lice incontournable<\/a><\/h3><\/div>\n\n\n<div class=\"has-text-align-center wp-block-post-date has-tiny-font-size\"><time datetime=\"2025-04-21T16:52:53+00:00\">21 avril 2025<\/time><\/div>\n\n\n<div style=\"height:16px\" aria-hidden=\"true\" class=\"wp-block-spacer\"><\/div>\n\n\n<figure style=\"height:100%; margin-right:var(--wp--preset--spacing--20);margin-left:var(--wp--preset--spacing--20);\" class=\"hover-scale wp-block-post-featured-image\"><a href=\"https:\/\/agora-tas.com\/fr\/2025\/04\/unique-flavor-of-ramson-capers\/\" target=\"_self\"  style=\"height:100%\"><img loading=\"lazy\" decoding=\"async\" width=\"1170\" height=\"778\" src=\"https:\/\/agora-tas.com\/wp-content\/uploads\/2025\/04\/RC2-1170x778.jpg\" class=\"attachment-post-thumbnail size-post-thumbnail wp-post-image\" alt=\"Embrace the Unique Flavor of Ramson Capers: A Must-Have Delicacy\" style=\"border-radius:20px;height:100%;object-fit:cover;\" srcset=\"https:\/\/agora-tas.com\/wp-content\/uploads\/2025\/04\/RC2-1170x778.jpg 1170w, https:\/\/agora-tas.com\/wp-content\/uploads\/2025\/04\/RC2-300x200.jpg 300w, https:\/\/agora-tas.com\/wp-content\/uploads\/2025\/04\/RC2-1024x681.jpg 1024w, https:\/\/agora-tas.com\/wp-content\/uploads\/2025\/04\/RC2-768x511.jpg 768w, https:\/\/agora-tas.com\/wp-content\/uploads\/2025\/04\/RC2-18x12.jpg 18w, https:\/\/agora-tas.com\/wp-content\/uploads\/2025\/04\/RC2-600x399.jpg 600w, https:\/\/agora-tas.com\/wp-content\/uploads\/2025\/04\/RC2.jpg 1536w\" sizes=\"auto, (max-width: 1170px) 100vw, 1170px\" \/><\/a><\/figure><\/article>\n\n<\/li><li class=\"wp-block-post post-731 post type-post status-publish format-standard has-post-thumbnail hentry category-news\">\n\n<article class=\"wp-block-group mt-0 is-layout-constrained wp-block-group-is-layout-constrained\"><div class=\"taxonomy-category has-text-align-center ona-text-letter-spacing wp-block-post-terms has-tiny-font-size\"><a href=\"https:\/\/agora-tas.com\/fr\/category\/news\/\" rel=\"tag\">Nouvelles<\/a><\/div>\n\n\n<div class=\"wp-block-group is-layout-flow wp-block-group-is-layout-flow\" style=\"padding-right:10%;padding-left:10%\"><h3 class=\"has-text-align-center wp-block-post-title has-small-font-size\"><a href=\"https:\/\/agora-tas.com\/fr\/2025\/04\/exploring-dried-truffles-a-culinary-treasure\/\" target=\"_self\" >A la d\u00e9couverte des truffes s\u00e9ch\u00e9es : Un tr\u00e9sor culinaire<\/a><\/h3><\/div>\n\n\n<div class=\"has-text-align-center wp-block-post-date has-tiny-font-size\"><time datetime=\"2025-04-19T08:01:58+00:00\">19 avril 2025<\/time><\/div>\n\n\n<div style=\"height:16px\" aria-hidden=\"true\" class=\"wp-block-spacer\"><\/div>\n\n\n<figure style=\"height:100%; margin-right:var(--wp--preset--spacing--20);margin-left:var(--wp--preset--spacing--20);\" class=\"hover-scale wp-block-post-featured-image\"><a href=\"https:\/\/agora-tas.com\/fr\/2025\/04\/exploring-dried-truffles-a-culinary-treasure\/\" target=\"_self\"  style=\"height:100%\"><img loading=\"lazy\" decoding=\"async\" width=\"1170\" height=\"778\" src=\"https:\/\/agora-tas.com\/wp-content\/uploads\/2025\/04\/Dried-Truffles-1170x778.jpg\" class=\"attachment-post-thumbnail size-post-thumbnail wp-post-image\" alt=\"Exploring Dried Truffles: A Culinary Treasure\" style=\"border-radius:20px;height:100%;object-fit:cover;\" srcset=\"https:\/\/agora-tas.com\/wp-content\/uploads\/2025\/04\/Dried-Truffles-1170x778.jpg 1170w, https:\/\/agora-tas.com\/wp-content\/uploads\/2025\/04\/Dried-Truffles-300x200.jpg 300w, https:\/\/agora-tas.com\/wp-content\/uploads\/2025\/04\/Dried-Truffles-1024x681.jpg 1024w, https:\/\/agora-tas.com\/wp-content\/uploads\/2025\/04\/Dried-Truffles-768x511.jpg 768w, https:\/\/agora-tas.com\/wp-content\/uploads\/2025\/04\/Dried-Truffles-18x12.jpg 18w, https:\/\/agora-tas.com\/wp-content\/uploads\/2025\/04\/Dried-Truffles-600x399.jpg 600w, https:\/\/agora-tas.com\/wp-content\/uploads\/2025\/04\/Dried-Truffles.jpg 1536w\" sizes=\"auto, (max-width: 1170px) 100vw, 1170px\" \/><\/a><\/figure><\/article>\n\n<\/li><li class=\"wp-block-post post-575 post type-post status-publish format-standard has-post-thumbnail hentry category-news\">\n\n<article class=\"wp-block-group mt-0 is-layout-constrained wp-block-group-is-layout-constrained\"><div class=\"taxonomy-category has-text-align-center ona-text-letter-spacing wp-block-post-terms has-tiny-font-size\"><a href=\"https:\/\/agora-tas.com\/fr\/category\/news\/\" rel=\"tag\">Nouvelles<\/a><\/div>\n\n\n<div class=\"wp-block-group is-layout-flow wp-block-group-is-layout-flow\" style=\"padding-right:10%;padding-left:10%\"><h3 class=\"has-text-align-center wp-block-post-title has-small-font-size\"><a href=\"https:\/\/agora-tas.com\/fr\/2025\/01\/truffles-in-ancient-greece-2-2-2-2\/\" target=\"_self\" >Comprendre les truffes : les champignons les plus convoit\u00e9s au monde<\/a><\/h3><\/div>\n\n\n<div class=\"has-text-align-center wp-block-post-date has-tiny-font-size\"><time datetime=\"2025-01-12T11:36:09+00:00\">12 janvier 2025<\/time><\/div>\n\n\n<div style=\"height:16px\" aria-hidden=\"true\" class=\"wp-block-spacer\"><\/div>\n\n\n<figure style=\"height:100%; margin-right:var(--wp--preset--spacing--20);margin-left:var(--wp--preset--spacing--20);\" class=\"hover-scale wp-block-post-featured-image\"><a href=\"https:\/\/agora-tas.com\/fr\/2025\/01\/truffles-in-ancient-greece-2-2-2-2\/\" target=\"_self\"  style=\"height:100%\"><img loading=\"lazy\" decoding=\"async\" width=\"1170\" height=\"778\" src=\"https:\/\/agora-tas.com\/wp-content\/uploads\/2025\/01\/trsire-1170x778.jpg\" class=\"attachment-post-thumbnail size-post-thumbnail wp-post-image\" alt=\"Understanding Truffles: The World\u2019s Most Coveted Fungi\" style=\"border-radius:20px;height:100%;object-fit:cover;\" srcset=\"https:\/\/agora-tas.com\/wp-content\/uploads\/2025\/01\/trsire-1170x778.jpg 1170w, https:\/\/agora-tas.com\/wp-content\/uploads\/2025\/01\/trsire-300x200.jpg 300w, https:\/\/agora-tas.com\/wp-content\/uploads\/2025\/01\/trsire-1024x681.jpg 1024w, https:\/\/agora-tas.com\/wp-content\/uploads\/2025\/01\/trsire-768x511.jpg 768w, https:\/\/agora-tas.com\/wp-content\/uploads\/2025\/01\/trsire-600x399.jpg 600w, https:\/\/agora-tas.com\/wp-content\/uploads\/2025\/01\/trsire.jpg 1536w\" sizes=\"auto, (max-width: 1170px) 100vw, 1170px\" \/><\/a><\/figure><\/article>\n\n<\/li><li class=\"wp-block-post post-335 post type-post status-publish format-standard has-post-thumbnail hentry category-news\">\n\n<article class=\"wp-block-group mt-0 is-layout-constrained wp-block-group-is-layout-constrained\"><div class=\"taxonomy-category has-text-align-center ona-text-letter-spacing wp-block-post-terms has-tiny-font-size\"><a href=\"https:\/\/agora-tas.com\/fr\/category\/news\/\" rel=\"tag\">Nouvelles<\/a><\/div>\n\n\n<div class=\"wp-block-group is-layout-flow wp-block-group-is-layout-flow\" style=\"padding-right:10%;padding-left:10%\"><h3 class=\"has-text-align-center wp-block-post-title has-small-font-size\"><a href=\"https:\/\/agora-tas.com\/fr\/2024\/12\/truffles-in-ancient-greece-2-2-2\/\" target=\"_self\" >Chasse \u00e0 la truffe grecque aux M\u00e9t\u00e9ores<\/a><\/h3><\/div>\n\n\n<div class=\"has-text-align-center wp-block-post-date has-tiny-font-size\"><time datetime=\"2024-12-10T09:02:07+00:00\">10 d\u00e9cembre 2024<\/time><\/div>\n\n\n<div style=\"height:16px\" aria-hidden=\"true\" class=\"wp-block-spacer\"><\/div>\n\n\n<figure style=\"height:100%; margin-right:var(--wp--preset--spacing--20);margin-left:var(--wp--preset--spacing--20);\" class=\"hover-scale wp-block-post-featured-image\"><a href=\"https:\/\/agora-tas.com\/fr\/2024\/12\/truffles-in-ancient-greece-2-2-2\/\" target=\"_self\"  style=\"height:100%\"><img loading=\"lazy\" decoding=\"async\" width=\"1170\" height=\"778\" src=\"https:\/\/agora-tas.com\/wp-content\/uploads\/2024\/12\/mete-1170x778.jpg\" class=\"attachment-post-thumbnail size-post-thumbnail wp-post-image\" alt=\"Greek Truffle Hunting in Meteora\" style=\"border-radius:20px;height:100%;object-fit:cover;\" srcset=\"https:\/\/agora-tas.com\/wp-content\/uploads\/2024\/12\/mete-1170x778.jpg 1170w, https:\/\/agora-tas.com\/wp-content\/uploads\/2024\/12\/mete-300x200.jpg 300w, https:\/\/agora-tas.com\/wp-content\/uploads\/2024\/12\/mete-1024x681.jpg 1024w, https:\/\/agora-tas.com\/wp-content\/uploads\/2024\/12\/mete-768x511.jpg 768w, https:\/\/agora-tas.com\/wp-content\/uploads\/2024\/12\/mete-600x399.jpg 600w, https:\/\/agora-tas.com\/wp-content\/uploads\/2024\/12\/mete.jpg 1536w\" sizes=\"auto, (max-width: 1170px) 100vw, 1170px\" \/><\/a><\/figure><\/article>\n\n<\/li><li class=\"wp-block-post post-332 post type-post status-publish format-standard has-post-thumbnail hentry category-news\">\n\n<article class=\"wp-block-group mt-0 is-layout-constrained wp-block-group-is-layout-constrained\"><div class=\"taxonomy-category has-text-align-center ona-text-letter-spacing wp-block-post-terms has-tiny-font-size\"><a href=\"https:\/\/agora-tas.com\/fr\/category\/news\/\" rel=\"tag\">Nouvelles<\/a><\/div>\n\n\n<div class=\"wp-block-group is-layout-flow wp-block-group-is-layout-flow\" style=\"padding-right:10%;padding-left:10%\"><h3 class=\"has-text-align-center wp-block-post-title has-small-font-size\"><a href=\"https:\/\/agora-tas.com\/fr\/2024\/12\/truffles-in-ancient-greece-2-2\/\" target=\"_self\" >Que sont les truffes grecques ?<\/a><\/h3><\/div>\n\n\n<div class=\"has-text-align-center wp-block-post-date has-tiny-font-size\"><time datetime=\"2024-12-09T09:49:52+00:00\">9 d\u00e9cembre 2024<\/time><\/div>\n\n\n<div style=\"height:16px\" aria-hidden=\"true\" class=\"wp-block-spacer\"><\/div>\n\n\n<figure style=\"height:100%; margin-right:var(--wp--preset--spacing--20);margin-left:var(--wp--preset--spacing--20);\" class=\"hover-scale wp-block-post-featured-image\"><a href=\"https:\/\/agora-tas.com\/fr\/2024\/12\/truffles-in-ancient-greece-2-2\/\" target=\"_self\"  style=\"height:100%\"><img loading=\"lazy\" decoding=\"async\" width=\"1170\" height=\"778\" src=\"https:\/\/agora-tas.com\/wp-content\/uploads\/2024\/12\/Truffles_gastronomy_pic-1170x778.jpg\" class=\"attachment-post-thumbnail size-post-thumbnail wp-post-image\" alt=\"What Are Greek Truffles?\" style=\"border-radius:20px;height:100%;object-fit:cover;\" srcset=\"https:\/\/agora-tas.com\/wp-content\/uploads\/2024\/12\/Truffles_gastronomy_pic-1170x778.jpg 1170w, https:\/\/agora-tas.com\/wp-content\/uploads\/2024\/12\/Truffles_gastronomy_pic-300x200.jpg 300w, https:\/\/agora-tas.com\/wp-content\/uploads\/2024\/12\/Truffles_gastronomy_pic-1024x681.jpg 1024w, https:\/\/agora-tas.com\/wp-content\/uploads\/2024\/12\/Truffles_gastronomy_pic-768x511.jpg 768w, https:\/\/agora-tas.com\/wp-content\/uploads\/2024\/12\/Truffles_gastronomy_pic-600x399.jpg 600w, https:\/\/agora-tas.com\/wp-content\/uploads\/2024\/12\/Truffles_gastronomy_pic.jpg 1536w\" sizes=\"auto, (max-width: 1170px) 100vw, 1170px\" \/><\/a><\/figure><\/article>\n\n<\/li><li class=\"wp-block-post post-266 post type-post status-publish format-standard has-post-thumbnail hentry category-news\">\n\n<article class=\"wp-block-group mt-0 is-layout-constrained wp-block-group-is-layout-constrained\"><div class=\"taxonomy-category has-text-align-center ona-text-letter-spacing wp-block-post-terms has-tiny-font-size\"><a href=\"https:\/\/agora-tas.com\/fr\/category\/news\/\" rel=\"tag\">Nouvelles<\/a><\/div>\n\n\n<div class=\"wp-block-group is-layout-flow wp-block-group-is-layout-flow\" style=\"padding-right:10%;padding-left:10%\"><h3 class=\"has-text-align-center wp-block-post-title has-small-font-size\"><a href=\"https:\/\/agora-tas.com\/fr\/2024\/12\/truffles-in-ancient-greece-2\/\" target=\"_self\" >Ingr\u00e9dient pris\u00e9 de la gastronomie<\/a><\/h3><\/div>\n\n\n<div class=\"has-text-align-center wp-block-post-date has-tiny-font-size\"><time datetime=\"2024-12-05T18:20:15+00:00\">5 d\u00e9cembre 2024<\/time><\/div>\n\n\n<div style=\"height:16px\" aria-hidden=\"true\" class=\"wp-block-spacer\"><\/div>\n\n\n<figure style=\"height:100%; margin-right:var(--wp--preset--spacing--20);margin-left:var(--wp--preset--spacing--20);\" class=\"hover-scale wp-block-post-featured-image\"><a href=\"https:\/\/agora-tas.com\/fr\/2024\/12\/truffles-in-ancient-greece-2\/\" target=\"_self\"  style=\"height:100%\"><img loading=\"lazy\" decoding=\"async\" width=\"1170\" height=\"778\" src=\"https:\/\/agora-tas.com\/wp-content\/uploads\/2024\/12\/Truffles_gastronomy-1170x778.jpg\" class=\"attachment-post-thumbnail size-post-thumbnail wp-post-image\" alt=\"Prized ingredient in gastronomy\" style=\"border-radius:20px;height:100%;object-fit:cover;\" srcset=\"https:\/\/agora-tas.com\/wp-content\/uploads\/2024\/12\/Truffles_gastronomy-1170x778.jpg 1170w, https:\/\/agora-tas.com\/wp-content\/uploads\/2024\/12\/Truffles_gastronomy-300x200.jpg 300w, https:\/\/agora-tas.com\/wp-content\/uploads\/2024\/12\/Truffles_gastronomy-1024x681.jpg 1024w, https:\/\/agora-tas.com\/wp-content\/uploads\/2024\/12\/Truffles_gastronomy-768x511.jpg 768w, https:\/\/agora-tas.com\/wp-content\/uploads\/2024\/12\/Truffles_gastronomy-600x399.jpg 600w, https:\/\/agora-tas.com\/wp-content\/uploads\/2024\/12\/Truffles_gastronomy.jpg 1536w\" sizes=\"auto, (max-width: 1170px) 100vw, 1170px\" \/><\/a><\/figure><\/article>\n\n<\/li><li class=\"wp-block-post post-163 post type-post status-publish format-standard has-post-thumbnail hentry category-news\">\n\n<article class=\"wp-block-group mt-0 is-layout-constrained wp-block-group-is-layout-constrained\"><div class=\"taxonomy-category has-text-align-center ona-text-letter-spacing wp-block-post-terms has-tiny-font-size\"><a href=\"https:\/\/agora-tas.com\/fr\/category\/news\/\" rel=\"tag\">Nouvelles<\/a><\/div>\n\n\n<div class=\"wp-block-group is-layout-flow wp-block-group-is-layout-flow\" style=\"padding-right:10%;padding-left:10%\"><h3 class=\"has-text-align-center wp-block-post-title has-small-font-size\"><a href=\"https:\/\/agora-tas.com\/fr\/2024\/12\/truffles-in-ancient-greece\/\" target=\"_self\" >Les truffes grecques dans la Gr\u00e8ce antique<\/a><\/h3><\/div>\n\n\n<div class=\"has-text-align-center wp-block-post-date has-tiny-font-size\"><time datetime=\"2024-12-01T12:28:02+00:00\">1er d\u00e9cembre 2024<\/time><\/div>\n\n\n<div style=\"height:16px\" aria-hidden=\"true\" class=\"wp-block-spacer\"><\/div>\n\n\n<figure style=\"height:100%; margin-right:var(--wp--preset--spacing--20);margin-left:var(--wp--preset--spacing--20);\" class=\"hover-scale wp-block-post-featured-image\"><a href=\"https:\/\/agora-tas.com\/fr\/2024\/12\/truffles-in-ancient-greece\/\" target=\"_self\"  style=\"height:100%\"><img loading=\"lazy\" decoding=\"async\" width=\"1170\" height=\"778\" src=\"https:\/\/agora-tas.com\/wp-content\/uploads\/2024\/12\/statue-1536x1022-1-1170x778.gif\" class=\"attachment-post-thumbnail size-post-thumbnail wp-post-image\" alt=\"Greek Truffles in Ancient Greece\" style=\"border-radius:20px;height:100%;object-fit:cover;\" srcset=\"https:\/\/agora-tas.com\/wp-content\/uploads\/2024\/12\/statue-1536x1022-1-1170x778.gif 1170w, https:\/\/agora-tas.com\/wp-content\/uploads\/2024\/12\/statue-1536x1022-1-300x200.gif 300w, https:\/\/agora-tas.com\/wp-content\/uploads\/2024\/12\/statue-1536x1022-1-1024x681.gif 1024w, https:\/\/agora-tas.com\/wp-content\/uploads\/2024\/12\/statue-1536x1022-1-768x511.gif 768w\" sizes=\"auto, (max-width: 1170px) 100vw, 1170px\" \/><\/a><\/figure><\/article>\n\n<\/li><\/ul>\n\n\n<div style=\"height:60px\" aria-hidden=\"true\" class=\"wp-block-spacer\"><\/div>\n<\/div>\n<\/div>","protected":false},"excerpt":{"rendered":"","protected":false},"author":1,"featured_media":12,"parent":0,"menu_order":0,"comment_status":"closed","ping_status":"closed","template":"","meta":{"_coblocks_attr":"","_coblocks_dimensions":"","_coblocks_responsive_height":"","_coblocks_accordion_ie_support":"","content-type":"","footnotes":""},"class_list":["post-92","page","type-page","status-publish","has-post-thumbnail","hentry"],"_links":{"self":[{"href":"https:\/\/agora-tas.com\/fr\/wp-json\/wp\/v2\/pages\/92","targetHints":{"allow":["GET"]}}],"collection":[{"href":"https:\/\/agora-tas.com\/fr\/wp-json\/wp\/v2\/pages"}],"about":[{"href":"https:\/\/agora-tas.com\/fr\/wp-json\/wp\/v2\/types\/page"}],"author":[{"embeddable":true,"href":"https:\/\/agora-tas.com\/fr\/wp-json\/wp\/v2\/users\/1"}],"replies":[{"embeddable":true,"href":"https:\/\/agora-tas.com\/fr\/wp-json\/wp\/v2\/comments?post=92"}],"version-history":[{"count":30,"href":"https:\/\/agora-tas.com\/fr\/wp-json\/wp\/v2\/pages\/92\/revisions"}],"predecessor-version":[{"id":696,"href":"https:\/\/agora-tas.com\/fr\/wp-json\/wp\/v2\/pages\/92\/revisions\/696"}],"wp:featuredmedia":[{"embeddable":true,"href":"https:\/\/agora-tas.com\/fr\/wp-json\/wp\/v2\/media\/12"}],"wp:attachment":[{"href":"https:\/\/agora-tas.com\/fr\/wp-json\/wp\/v2\/media?parent=92"}],"curies":[{"name":"wp","href":"https:\/\/api.w.org\/{rel}","templated":true}]}}