{"id":767,"date":"2025-05-24T08:38:32","date_gmt":"2025-05-24T08:38:32","guid":{"rendered":"https:\/\/agora-tas.com\/?page_id=767"},"modified":"2025-05-24T09:27:33","modified_gmt":"2025-05-24T09:27:33","slug":"samples-request","status":"publish","type":"page","link":"https:\/\/agora-tas.com\/fr\/samples-request\/","title":{"rendered":"demande d'\u00e9chantillons"},"content":{"rendered":"<div class=\"forminator-guttenberg\"><div class=\"forminator-ui forminator-custom-form forminator-custom-form-770 forminator-design--default  forminator_ajax\" data-forminator-render=\"0\" data-form=\"forminator-module-770\" data-uid=\"69e4efae6e288\"><br\/><\/div><form\n\t\t\t\tid=\"forminator-module-770\"\n\t\t\t\tclass=\"forminator-ui forminator-custom-form forminator-custom-form-770 forminator-design--default  forminator_ajax\"\n\t\t\t\tmethod=\"post\"\n\t\t\t\tdata-forminator-render=\"0\"\n\t\t\t\tdata-form-id=\"770\"\n\t\t\t\t data-color-option=\"theme\" data-design=\"default\" data-grid=\"open\" style=\"display: none;\"\n\t\t\t\tdata-uid=\"69e4efae6e288\" action=\"\"\n\t\t\t><div role=\"alert\" aria-live=\"polite\" class=\"forminator-response-message forminator-error\" aria-hidden=\"true\"><\/div><div class=\"forminator-pagination-progress\" aria-hidden=\"true\"><\/div><div\n\t\t\t\ttabindex=\"-1\"\n\t\t\t\trole=\"tabpanel\"\n\t\t\t\tid=\"forminator-custom-form-770--page-0\"\n\t\t\t\tclass=\"forminator-pagination forminator-pagination-start\"\n\t\t\t\taria-labelledby=\"forminator-custom-form-770--page-0-label\"\n\t\t\t\tdata-step=\"0\"\n\t\t\t\tdata-label=\"Submit Your Request\"\n\t\t\t\tdata-actual-label=\"Choose Flavors\"\n\t\t\t\tdata-name=\"page-break-1\"\n\t\t\t><div class=\"forminator-pagination--content\"><div class=\"forminator-row\"><div id=\"checkbox-1\" class=\"forminator-field-checkbox forminator-col forminator-col-12\"><div role=\"group\" class=\"forminator-field\" aria-labelledby=\"forminator-checkbox-group-forminator-field-checkbox-1-69e4efae6e288-label\"><span id=\"forminator-checkbox-group-forminator-field-checkbox-1-69e4efae6e288-label\" class=\"forminator-label\">D\u00e9couvrez notre collection d'ar\u00f4mes<\/span><span id=\"forminator-field-checkbox-1-69e4efae6e288-description\" class=\"forminator-description\">Choisir les ar\u00f4mes<\/span><label id=\"forminator-field-checkbox-1-1-69e4efae6e288-label\" for=\"forminator-field-checkbox-1-1-69e4efae6e288\" class=\"forminator-checkbox forminator-has_image forminator-checkbox-inline\" title=\"Huile de truffe noire grecque\"><input type=\"checkbox\" name=\"checkbox-1[]\" value=\"Black Greek truffle oil\" id=\"forminator-field-checkbox-1-1-69e4efae6e288\" aria-labelledby=\"forminator-field-checkbox-1-1-69e4efae6e288-label\" data-calculation=\"0\"   data-hidden-behavior=\"zero\" aria-describedby=\"forminator-field-checkbox-1-69e4efae6e288-description\"\/><span class=\"forminator-checkbox-image\" aria-hidden=\"true\"><span style=\"background-image: url(https:\/\/agora-tas.com\/wp-content\/uploads\/2025\/05\/Black-Greek-truffle-oil-1.jpg);\"><\/span><\/span><span class=\"forminator-screen-reader-only\">Huile de truffe noire grecque<\/span><\/label><label id=\"forminator-field-checkbox-1-2-69e4efae6e288-label\" for=\"forminator-field-checkbox-1-2-69e4efae6e288\" class=\"forminator-checkbox forminator-has_image forminator-checkbox-inline\" title=\"P\u00e2te de truffe grecque noire\"><input type=\"checkbox\" name=\"checkbox-1[]\" value=\"Black Greek Truffle Paste\" id=\"forminator-field-checkbox-1-2-69e4efae6e288\" aria-labelledby=\"forminator-field-checkbox-1-2-69e4efae6e288-label\" data-calculation=\"0\"   data-hidden-behavior=\"zero\" aria-describedby=\"forminator-field-checkbox-1-69e4efae6e288-description\"\/><span class=\"forminator-checkbox-image\" aria-hidden=\"true\"><span style=\"background-image: url(https:\/\/agora-tas.com\/wp-content\/uploads\/2025\/05\/Black-Greek-Truffle-Paste-1.jpg);\"><\/span><\/span><span class=\"forminator-screen-reader-only\">P\u00e2te de truffe grecque noire<\/span><\/label><label id=\"forminator-field-checkbox-1-3-69e4efae6e288-label\" for=\"forminator-field-checkbox-1-3-69e4efae6e288\" class=\"forminator-checkbox forminator-has_image forminator-checkbox-inline\" title=\"Truffe noire grecque s\u00e8che\"><input type=\"checkbox\" name=\"checkbox-1[]\" value=\"Dry-Black-Greek-Truffle\" id=\"forminator-field-checkbox-1-3-69e4efae6e288\" aria-labelledby=\"forminator-field-checkbox-1-3-69e4efae6e288-label\" data-calculation=\"0\"   data-hidden-behavior=\"zero\" aria-describedby=\"forminator-field-checkbox-1-69e4efae6e288-description\"\/><span class=\"forminator-checkbox-image\" aria-hidden=\"true\"><span style=\"background-image: url(https:\/\/agora-tas.com\/wp-content\/uploads\/2025\/05\/Dry-Black-Greek-Truffle-1.jpg);\"><\/span><\/span><span class=\"forminator-screen-reader-only\">Truffe noire grecque s\u00e8che<\/span><\/label><label id=\"forminator-field-checkbox-1-4-69e4efae6e288-label\" for=\"forminator-field-checkbox-1-4-69e4efae6e288\" class=\"forminator-checkbox forminator-has_image forminator-checkbox-inline\" title=\"C\u00e2pres de Ramson grecques\"><input type=\"checkbox\" name=\"checkbox-1[]\" value=\"Greek-Ramson-Capers\" id=\"forminator-field-checkbox-1-4-69e4efae6e288\" aria-labelledby=\"forminator-field-checkbox-1-4-69e4efae6e288-label\" data-calculation=\"0\"   data-hidden-behavior=\"zero\" aria-describedby=\"forminator-field-checkbox-1-69e4efae6e288-description\"\/><span class=\"forminator-checkbox-image\" aria-hidden=\"true\"><span style=\"background-image: url(https:\/\/agora-tas.com\/wp-content\/uploads\/2025\/05\/Greek-Ramson-Capers-1.jpg);\"><\/span><\/span><span class=\"forminator-screen-reader-only\">C\u00e2pres de Ramson grecques<\/span><\/label><label id=\"forminator-field-checkbox-1-5-69e4efae6e288-label\" for=\"forminator-field-checkbox-1-5-69e4efae6e288\" class=\"forminator-checkbox forminator-has_image forminator-checkbox-inline\" title=\"Huile de truffe blanche grecque\"><input type=\"checkbox\" name=\"checkbox-1[]\" value=\"White-Greek-Truffle-Oil\" id=\"forminator-field-checkbox-1-5-69e4efae6e288\" aria-labelledby=\"forminator-field-checkbox-1-5-69e4efae6e288-label\" data-calculation=\"0\"   data-hidden-behavior=\"zero\" aria-describedby=\"forminator-field-checkbox-1-69e4efae6e288-description\"\/><span class=\"forminator-checkbox-image\" aria-hidden=\"true\"><span style=\"background-image: url(https:\/\/agora-tas.com\/wp-content\/uploads\/2025\/05\/White-Greek-Truffle-Oil-1.jpg);\"><\/span><\/span><span class=\"forminator-screen-reader-only\">Huile de truffe blanche grecque<\/span><\/label><label id=\"forminator-field-checkbox-1-6-69e4efae6e288-label\" for=\"forminator-field-checkbox-1-6-69e4efae6e288\" class=\"forminator-checkbox forminator-has_image forminator-checkbox-inline\" title=\"Carpaccio de truffe noire\"><input type=\"checkbox\" name=\"checkbox-1[]\" value=\"Black Truffle Carpaccio\" id=\"forminator-field-checkbox-1-6-69e4efae6e288\" aria-labelledby=\"forminator-field-checkbox-1-6-69e4efae6e288-label\" data-calculation=\"0\"   data-hidden-behavior=\"zero\" aria-describedby=\"forminator-field-checkbox-1-69e4efae6e288-description\"\/><span class=\"forminator-checkbox-image\" aria-hidden=\"true\"><span style=\"background-image: url(https:\/\/agora-tas.com\/wp-content\/uploads\/2025\/05\/Black-Truffle-Carpaccio-1.jpg);\"><\/span><\/span><span class=\"forminator-screen-reader-only\">Carpaccio de truffe noire<\/span><\/label><\/div><\/div><\/div><\/div><\/div><div\n\t\t\t\ttabindex=\"-1\"\n\t\t\t\trole=\"tabpanel\"\n\t\t\t\tid=\"forminator-custom-form-770--page-1\"\n\t\t\t\tclass=\"forminator-pagination\"\n\t\t\t\taria-labelledby=\"forminator-custom-form-770--page-1-label\"\n\t\t\t\taria-hidden=\"true\"\n\t\t\t\tdata-step=\"1\"\n\t\t\t\tdata-label=\"Choose Flavors\"\n\t\t\t\tdata-actual-label=\"Submit Your Request\"\n\t\t\t\tdata-name=\"\"\n\t\t\t\thidden\n\t\t\t><div class=\"forminator-pagination--content\"><div class=\"forminator-row\"><div id=\"name-1\" class=\"forminator-field-name forminator-col forminator-col-12\"><div class=\"forminator-field\"><label for=\"forminator-field-name-1_69e4efae6e288\" id=\"forminator-field-name-1_69e4efae6e288-label\" class=\"forminator-label\">Pr\u00e9nom <span class=\"forminator-required\">*<\/span><\/label><input type=\"text\" name=\"name-1\" value=\"\" placeholder=\"\" id=\"forminator-field-name-1_69e4efae6e288\" class=\"forminator-input forminator-name--field\" aria-required=\"true\" autocomplete=\"name\" \/><\/div><\/div><\/div><div class=\"forminator-row\"><div id=\"email-1\" class=\"forminator-field-email forminator-col forminator-col-12\"><div class=\"forminator-field\"><label for=\"forminator-field-email-1_69e4efae6e288\" id=\"forminator-field-email-1_69e4efae6e288-label\" class=\"forminator-label\">Adresse \u00e9lectronique <span class=\"forminator-required\">*<\/span><\/label><input type=\"email\" name=\"email-1\" value=\"\" placeholder=\"\" id=\"forminator-field-email-1_69e4efae6e288\" class=\"forminator-input forminator-email--field\" data-required=\"true\" aria-required=\"true\" autocomplete=\"email\" \/><\/div><\/div><\/div><div class=\"forminator-row\"><div id=\"phone-1\" class=\"forminator-field-phone forminator-col forminator-col-12\"><div class=\"forminator-field\"><label for=\"forminator-field-phone-1_69e4efae6e288\" id=\"forminator-field-phone-1_69e4efae6e288-label\" class=\"forminator-label\">Num\u00e9ro de t\u00e9l\u00e9phone<\/label><input type=\"text\" name=\"phone-1\" value=\"\" placeholder=\"\" id=\"forminator-field-phone-1_69e4efae6e288\" class=\"forminator-input forminator-field--phone\" data-required=\"\" aria-required=\"false\" autocomplete=\"off\" \/><\/div><\/div><\/div><div class=\"forminator-row\"><div id=\"textarea-1\" class=\"forminator-field-textarea forminator-col forminator-col-12\"><div class=\"forminator-field\"><label for=\"forminator-field-textarea-1_69e4efae6e288\" id=\"forminator-field-textarea-1_69e4efae6e288-label\" class=\"forminator-label\">Message<\/label><span id=\"forminator-field-textarea-1_69e4efae6e288-description\" class=\"forminator-description\"><span data-limit=\"180\" data-type=\"characters\" data-editor=\"\">0 \/ 180<\/span><\/span><textarea name=\"textarea-1\" placeholder=\"\" id=\"forminator-field-textarea-1_69e4efae6e288\" class=\"forminator-textarea\" rows=\"6\" style=\"min-height:140px;\" maxlength=\"180\" ><\/textarea><\/div><\/div><\/div><div class=\"forminator-row\" style=\"margin: 0;\"><div id=\"captcha-1\" class=\"forminator-field-captcha  forminator-col-12\"><div class=\"forminator-captcha-left forminator-g-recaptcha recaptcha-invisible\" data-theme=\"light\" data-badge=\"bottomright\" data-sitekey=\"6Lfs50krAAAAAE7E5ltcWJngnvJOnFzk-NTiV9K_\" data-size=\"invisible\"><\/div> <\/div><\/div><\/div><button class=\"forminator-button forminator-pagination-submit\" style=\"display: none;\" disabled>Soumettre votre demande<\/button><\/div><input type=\"hidden\" name=\"referer_url\" value=\"\" \/><input type=\"hidden\" id=\"forminator_nonce\" name=\"forminator_nonce\" value=\"cf50ea9743\" \/><input type=\"hidden\" name=\"_wp_http_referer\" value=\"\/fr\/wp-json\/wp\/v2\/pages\/767\" \/><input type=\"hidden\" name=\"form_id\" value=\"770\"><input type=\"hidden\" name=\"page_id\" value=\"767\"><input type=\"hidden\" name=\"form_type\" value=\"default\"><input type=\"hidden\" name=\"current_url\" value=\"https:\/\/agora-tas.com\/fr\/samples-request\/\"><input type=\"hidden\" name=\"render_id\" value=\"0\"><input type=\"hidden\" name=\"action\" value=\"forminator_submit_form_custom-forms\"><input type=\"hidden\" name=\"trp-form-language\" value=\"fr\"\/><\/form><\/div>","protected":false},"excerpt":{"rendered":"","protected":false},"author":1,"featured_media":0,"parent":0,"menu_order":0,"comment_status":"closed","ping_status":"closed","template":"","meta":{"_coblocks_attr":"","_coblocks_dimensions":"","_coblocks_responsive_height":"","_coblocks_accordion_ie_support":"","content-type":"","footnotes":""},"class_list":["post-767","page","type-page","status-publish","hentry"],"_links":{"self":[{"href":"https:\/\/agora-tas.com\/fr\/wp-json\/wp\/v2\/pages\/767","targetHints":{"allow":["GET"]}}],"collection":[{"href":"https:\/\/agora-tas.com\/fr\/wp-json\/wp\/v2\/pages"}],"about":[{"href":"https:\/\/agora-tas.com\/fr\/wp-json\/wp\/v2\/types\/page"}],"author":[{"embeddable":true,"href":"https:\/\/agora-tas.com\/fr\/wp-json\/wp\/v2\/users\/1"}],"replies":[{"embeddable":true,"href":"https:\/\/agora-tas.com\/fr\/wp-json\/wp\/v2\/comments?post=767"}],"version-history":[{"count":3,"href":"https:\/\/agora-tas.com\/fr\/wp-json\/wp\/v2\/pages\/767\/revisions"}],"predecessor-version":[{"id":773,"href":"https:\/\/agora-tas.com\/fr\/wp-json\/wp\/v2\/pages\/767\/revisions\/773"}],"wp:attachment":[{"href":"https:\/\/agora-tas.com\/fr\/wp-json\/wp\/v2\/media?parent=767"}],"curies":[{"name":"wp","href":"https:\/\/api.w.org\/{rel}","templated":true}]}}