{"id":195,"date":"2024-12-03T18:25:07","date_gmt":"2024-12-03T18:25:07","guid":{"rendered":"https:\/\/agora-tas.com\/?post_type=product&#038;p=195"},"modified":"2025-10-18T12:26:06","modified_gmt":"2025-10-18T12:26:06","slug":"fresh-black-truffle-melanosporum-100g","status":"publish","type":"product","link":"https:\/\/agora-tas.com\/es\/producto\/fresh-black-truffle-melanosporum-100g\/","title":{"rendered":"Trufa griega negra fresca Melanosporum"},"content":{"rendered":"<p>Saboree el incomparable encanto de la trufa griega negra Melanosporum, reci\u00e9n recolectada en las exuberantes tierras de Grecia. Reconocidas como una de las mejores variedades de trufa del mundo, estas trufas griegas ofrecen un exquisito sabor y aroma que elevar\u00e1n cualquier experiencia culinaria.<\/p>\n<p><strong>*Caracter\u00edsticas principales:*<\/strong><br \/>\n- *Sabor excepcional:* Conocida por su profundo aroma terroso y su complejo sabor, la trufa negra Melanosporum ofrece una combinaci\u00f3n \u00fanica de notas de frutos secos, chocolate y ajo, lo que la convierte en un apreciado ingrediente para platos gourmet.<br \/>\n- Versatilidad culinaria:* Las trufas frescas se pueden raspar delicadamente sobre pasta, risottos y ensaladas, o utilizarse para realzar salsas, tortillas y platos cremosos, aportando una elegancia inconfundible a cada plato.<br \/>\n- Ingrediente gourmet:* Ideales para aceites, mantequillas y cremas para untar con infusi\u00f3n de trufa, estas trufas frescas pueden transformar ingredientes sencillos en creaciones culinarias decadentes.<br \/>\n- *Aut\u00e9ntico origen griego:* Procedente con orgullo de las f\u00e9rtiles tierras de Grecia, nuestra trufa negra fresca Melanosporum encarna el rico patrimonio culinario de la regi\u00f3n y su compromiso con la calidad.<br \/>\nPeso: 100 g<\/p>","protected":false},"excerpt":{"rendered":"<p>Saboree el incomparable encanto de la trufa griega negra Melanosporum, reci\u00e9n recolectada en las exuberantes tierras de Grecia. Reconocidas como una de las mejores variedades de trufa del mundo, estas trufas griegas ofrecen un exquisito sabor y aroma que elevar\u00e1n cualquier experiencia culinaria.<\/p>\n<p><strong>Delivery time 3 &#8211; 5 days<\/strong><\/p>","protected":false},"featured_media":196,"comment_status":"closed","ping_status":"closed","template":"","meta":{"_coblocks_attr":"","_coblocks_dimensions":"","_coblocks_responsive_height":"","_coblocks_accordion_ie_support":"","content-type":""},"product_brand":[],"product_cat":[78],"product_tag":[88,87],"class_list":{"0":"post-195","1":"product","2":"type-product","3":"status-publish","4":"has-post-thumbnail","6":"product_cat-outof-season-el","7":"product_tag-fresh","8":"product_tag-truffle","10":"first","11":"instock","12":"taxable","13":"shipping-taxable","14":"product-type-simple"},"_links":{"self":[{"href":"https:\/\/agora-tas.com\/es\/wp-json\/wp\/v2\/product\/195","targetHints":{"allow":["GET"]}}],"collection":[{"href":"https:\/\/agora-tas.com\/es\/wp-json\/wp\/v2\/product"}],"about":[{"href":"https:\/\/agora-tas.com\/es\/wp-json\/wp\/v2\/types\/product"}],"replies":[{"embeddable":true,"href":"https:\/\/agora-tas.com\/es\/wp-json\/wp\/v2\/comments?post=195"}],"wp:featuredmedia":[{"embeddable":true,"href":"https:\/\/agora-tas.com\/es\/wp-json\/wp\/v2\/media\/196"}],"wp:attachment":[{"href":"https:\/\/agora-tas.com\/es\/wp-json\/wp\/v2\/media?parent=195"}],"wp:term":[{"taxonomy":"product_brand","embeddable":true,"href":"https:\/\/agora-tas.com\/es\/wp-json\/wp\/v2\/product_brand?post=195"},{"taxonomy":"product_cat","embeddable":true,"href":"https:\/\/agora-tas.com\/es\/wp-json\/wp\/v2\/product_cat?post=195"},{"taxonomy":"product_tag","embeddable":true,"href":"https:\/\/agora-tas.com\/es\/wp-json\/wp\/v2\/product_tag?post=195"}],"curies":[{"name":"wp","href":"https:\/\/api.w.org\/{rel}","templated":true}]}}