{"id":192,"date":"2024-12-03T18:10:31","date_gmt":"2024-12-03T18:10:31","guid":{"rendered":"https:\/\/agora-tas.com\/?post_type=product&#038;p=192"},"modified":"2025-10-18T12:27:46","modified_gmt":"2025-10-18T12:27:46","slug":"black-truffle-paste-280g","status":"publish","type":"product","link":"https:\/\/agora-tas.com\/es\/producto\/black-truffle-paste-280g\/","title":{"rendered":"Pasta de trufa griega negra 280 g"},"content":{"rendered":"<p>Esta salsa de trufas griegas negras, infusionada con setas y trufas griegas, ofrece un sabor \u00fanico y delicioso. Combina de maravilla con pasta, espaguetis, sirve como salsa y es perfecta para patatas o aperitivos sobre pan o bruschetta.<\/p>\n<p>Excelente base para diversas creaciones culinarias, la Salsa de Trufa Tartufi FORAGE se elabora a partir de setas, trufas e ingredientes naturales de alta calidad. Su excelente calidad y sabor genuino la convierten en la favorita tanto de los principiantes como de los entusiastas de la trufa.<br \/>\nLa salsa de trufa FORAGE Tartufi complementa de maravilla numerosos platos de pasta y arroz. Tambi\u00e9n es fant\u00e1stica en tortillas o recetas m\u00e1s elaboradas como la bechamel de trufa, la mayonesa o la crema de trufa. Una de las aplicaciones m\u00e1s sencillas y deliciosas de este producto es el risotto de trufa.<\/p>\n<p>Esta salsa de trufa griega es perfecta para quienes se inician en el mundo de la trufa y desean explorar su sabor. Elija entre las distintas variedades de la salsa y experimente la rica intensidad del aroma a trufa.<br \/>\nPeso: 280 g.<\/p>","protected":false},"excerpt":{"rendered":"<p>Esta salsa de trufas griegas negras, infusionada con setas y trufas griegas, ofrece un sabor \u00fanico y delicioso. Combina de maravilla con pasta, espaguetis, sirve como salsa y es perfecta para patatas o aperitivos sobre pan o bruschetta.<\/p>\n<p><strong>Plazo de entrega 3 - 5 d\u00edas<\/strong><\/p>","protected":false},"featured_media":193,"comment_status":"closed","ping_status":"closed","template":"","meta":{"_coblocks_attr":"","_coblocks_dimensions":"","_coblocks_responsive_height":"","_coblocks_accordion_ie_support":"","content-type":""},"product_brand":[],"product_cat":[25],"product_tag":[91,87],"class_list":{"0":"post-192","1":"product","2":"type-product","3":"status-publish","4":"has-post-thumbnail","6":"product_cat-truffle-products","7":"product_tag-paste","8":"product_tag-truffle","10":"first","11":"instock","12":"taxable","13":"shipping-taxable","14":"product-type-simple"},"_links":{"self":[{"href":"https:\/\/agora-tas.com\/es\/wp-json\/wp\/v2\/product\/192","targetHints":{"allow":["GET"]}}],"collection":[{"href":"https:\/\/agora-tas.com\/es\/wp-json\/wp\/v2\/product"}],"about":[{"href":"https:\/\/agora-tas.com\/es\/wp-json\/wp\/v2\/types\/product"}],"replies":[{"embeddable":true,"href":"https:\/\/agora-tas.com\/es\/wp-json\/wp\/v2\/comments?post=192"}],"wp:featuredmedia":[{"embeddable":true,"href":"https:\/\/agora-tas.com\/es\/wp-json\/wp\/v2\/media\/193"}],"wp:attachment":[{"href":"https:\/\/agora-tas.com\/es\/wp-json\/wp\/v2\/media?parent=192"}],"wp:term":[{"taxonomy":"product_brand","embeddable":true,"href":"https:\/\/agora-tas.com\/es\/wp-json\/wp\/v2\/product_brand?post=192"},{"taxonomy":"product_cat","embeddable":true,"href":"https:\/\/agora-tas.com\/es\/wp-json\/wp\/v2\/product_cat?post=192"},{"taxonomy":"product_tag","embeddable":true,"href":"https:\/\/agora-tas.com\/es\/wp-json\/wp\/v2\/product_tag?post=192"}],"curies":[{"name":"wp","href":"https:\/\/api.w.org\/{rel}","templated":true}]}}