{"id":190,"date":"2024-12-03T18:09:01","date_gmt":"2024-12-03T18:09:01","guid":{"rendered":"https:\/\/agora-tas.com\/?post_type=product&#038;p=190"},"modified":"2025-10-18T12:28:10","modified_gmt":"2025-10-18T12:28:10","slug":"thin-slices-of-black-truffle-carpaccio-in-oil-50g","status":"publish","type":"product","link":"https:\/\/agora-tas.com\/es\/producto\/thin-slices-of-black-truffle-carpaccio-in-oil-50g\/","title":{"rendered":"Finas l\u00e1minas de trufa negra griega (carpaccio) en aceite 50g"},"content":{"rendered":"<p>Las delicadas l\u00e1minas de trufa negra griega (carpaccio) conservadas en aceite son perfectas para realzar tanto el sabor como la presentaci\u00f3n de cualquier plato, a\u00f1adiendo un toque de elegancia. Conservado en aceite de oliva virgen extra de alta calidad y sin conservantes, este producto mantiene su frescura.<\/p>\n<p>Una vez abierto, debe conservarse en el frigor\u00edfico hasta 30 d\u00edas. Ideal para servir sobre pan tostado, ensaladas, pasta, huevos, arroz, carnes, mariscos y esp\u00e1rragos a la plancha. Es mejor evitar maridarlo con tomates y especias fuertes. Este hongo subterr\u00e1neo tiene un alto valor nutritivo y comercial, y adorna y aromatiza platos de gran categor\u00eda.<br \/>\nPeso: 50 g.<br \/>\nOrigen: Grecia.<\/p>","protected":false},"excerpt":{"rendered":"<p>Las delicadas l\u00e1minas de trufa negra griega (carpaccio) conservadas en aceite son perfectas para realzar tanto el sabor como la presentaci\u00f3n de cualquier plato, a\u00f1adiendo un toque de elegancia. Conservado en aceite de oliva virgen extra de alta calidad y sin conservantes, este producto mantiene su frescura. <strong>Plazo de entrega 3 - 5 d\u00edas<\/strong><\/p>","protected":false},"featured_media":191,"comment_status":"closed","ping_status":"closed","template":"","meta":{"_coblocks_attr":"","_coblocks_dimensions":"","_coblocks_responsive_height":"","_coblocks_accordion_ie_support":"","content-type":""},"product_brand":[],"product_cat":[25],"product_tag":[90,87],"class_list":{"0":"post-190","1":"product","2":"type-product","3":"status-publish","4":"has-post-thumbnail","6":"product_cat-truffle-products","7":"product_tag-carpaccio","8":"product_tag-truffle","10":"first","11":"instock","12":"taxable","13":"shipping-taxable","14":"product-type-simple"},"_links":{"self":[{"href":"https:\/\/agora-tas.com\/es\/wp-json\/wp\/v2\/product\/190","targetHints":{"allow":["GET"]}}],"collection":[{"href":"https:\/\/agora-tas.com\/es\/wp-json\/wp\/v2\/product"}],"about":[{"href":"https:\/\/agora-tas.com\/es\/wp-json\/wp\/v2\/types\/product"}],"replies":[{"embeddable":true,"href":"https:\/\/agora-tas.com\/es\/wp-json\/wp\/v2\/comments?post=190"}],"wp:featuredmedia":[{"embeddable":true,"href":"https:\/\/agora-tas.com\/es\/wp-json\/wp\/v2\/media\/191"}],"wp:attachment":[{"href":"https:\/\/agora-tas.com\/es\/wp-json\/wp\/v2\/media?parent=190"}],"wp:term":[{"taxonomy":"product_brand","embeddable":true,"href":"https:\/\/agora-tas.com\/es\/wp-json\/wp\/v2\/product_brand?post=190"},{"taxonomy":"product_cat","embeddable":true,"href":"https:\/\/agora-tas.com\/es\/wp-json\/wp\/v2\/product_cat?post=190"},{"taxonomy":"product_tag","embeddable":true,"href":"https:\/\/agora-tas.com\/es\/wp-json\/wp\/v2\/product_tag?post=190"}],"curies":[{"name":"wp","href":"https:\/\/api.w.org\/{rel}","templated":true}]}}