{"id":744,"date":"2025-04-21T16:54:30","date_gmt":"2025-04-21T16:54:30","guid":{"rendered":"https:\/\/agora-tas.com\/?post_type=product&#038;p=744"},"modified":"2025-10-18T12:23:51","modified_gmt":"2025-10-18T12:23:51","slug":"greek-ramson-capers","status":"publish","type":"product","link":"https:\/\/agora-tas.com\/de\/produkt\/greek-ramson-capers\/","title":{"rendered":"Griechische Ramson-Kapern 85g"},"content":{"rendered":"<p>Die Sprossen von Allium ursinum sind der beliebteste Teil, der in der K\u00fcche verwendet wird. Die Bl\u00e4tter k\u00f6nnen in rohen Salaten verwendet werden und haben einen sehr feinen Knoblauchgeschmack, der dem von Schnittlauch \u00e4hnelt. Beim Kochen wird der Geschmack der Bl\u00e4tter weicher und s\u00fc\u00dfer. Das Blatt wird oft fein gehackt und in vielen Rezepten als Ersatz f\u00fcr Knoblauch und andere Kr\u00e4uter verwendet. Die Zwiebel kann auf \u00e4hnliche Weise wie die Knoblauchzehe verwendet werden.<\/p>\n<p><strong>Verwendungsm\u00f6glichkeiten:<\/strong><br \/>\nBeliebte Gerichte, f\u00fcr die die Pflanze verwendet wird, sind Pesto, Suppen, Nudeln, K\u00e4se, Scones und Devonnaise; sie eignet sich hervorragend f\u00fcr rohes Tartar und Ceviche.<br \/>\nGewicht 85gr-abgetropft 50gr<br \/>\nAn einem schattigen Ort lagern, nach dem \u00d6ffnen im K\u00fchlschrank aufbewahren.<br \/>\nHerkunft Griechenland.<\/p>","protected":false},"excerpt":{"rendered":"<div class=\"wp-block-post-excerpt\">\n<p class=\"wp-block-post-excerpt__excerpt\">Die Sprossen von Allium ursinum sind der beliebteste Teil, der in der K\u00fcche verwendet wird. Die Bl\u00e4tter k\u00f6nnen in rohen Salaten verwendet werden und haben einen sehr feinen Knoblauchgeschmack, der dem von Schnittlauch \u00e4hnelt. Beim Kochen wird der Geschmack der Bl\u00e4tter weicher und s\u00fc\u00dfer. Das Blatt wird oft fein gehackt und in vielen Rezepten als Ersatz f\u00fcr Knoblauch und andere Kr\u00e4uter verwendet. Die Zwiebel kann auf \u00e4hnliche Weise wie die Knoblauchzehe verwendet werden. Lieferzeit 3 - 5 Tage<\/p>\n<\/div>\n<div class=\"wp-block-group is-layout-constrained wp-block-group-is-layout-constrained\">\n<div class=\"wp-block-group is-layout-flow wp-container-core-group-is-layout-3 wp-block-group-is-layout-flow\">\n<div class=\"wp-block-add-to-cart-form wc-block-add-to-cart-form wc-block-add-to-cart-form--input wp-block-woocommerce-add-to-cart-form\" data-block-name=\"woocommerce\/add-to-cart-form\"><\/div>\n<\/div>\n<\/div>","protected":false},"featured_media":746,"comment_status":"closed","ping_status":"closed","template":"","meta":{"_coblocks_attr":"","_coblocks_dimensions":"","_coblocks_responsive_height":"","_coblocks_accordion_ie_support":"","content-type":""},"product_brand":[],"product_cat":[80],"product_tag":[89,94,93],"class_list":{"0":"post-744","1":"product","2":"type-product","3":"status-publish","4":"has-post-thumbnail","6":"product_cat-pickles-en","7":"product_tag-oil","8":"product_tag-pickles","9":"product_tag-ramson-capers","11":"first","12":"instock","13":"taxable","14":"shipping-taxable","15":"product-type-simple"},"_links":{"self":[{"href":"https:\/\/agora-tas.com\/de\/wp-json\/wp\/v2\/product\/744","targetHints":{"allow":["GET"]}}],"collection":[{"href":"https:\/\/agora-tas.com\/de\/wp-json\/wp\/v2\/product"}],"about":[{"href":"https:\/\/agora-tas.com\/de\/wp-json\/wp\/v2\/types\/product"}],"replies":[{"embeddable":true,"href":"https:\/\/agora-tas.com\/de\/wp-json\/wp\/v2\/comments?post=744"}],"wp:featuredmedia":[{"embeddable":true,"href":"https:\/\/agora-tas.com\/de\/wp-json\/wp\/v2\/media\/746"}],"wp:attachment":[{"href":"https:\/\/agora-tas.com\/de\/wp-json\/wp\/v2\/media?parent=744"}],"wp:term":[{"taxonomy":"product_brand","embeddable":true,"href":"https:\/\/agora-tas.com\/de\/wp-json\/wp\/v2\/product_brand?post=744"},{"taxonomy":"product_cat","embeddable":true,"href":"https:\/\/agora-tas.com\/de\/wp-json\/wp\/v2\/product_cat?post=744"},{"taxonomy":"product_tag","embeddable":true,"href":"https:\/\/agora-tas.com\/de\/wp-json\/wp\/v2\/product_tag?post=744"}],"curies":[{"name":"wp","href":"https:\/\/api.w.org\/{rel}","templated":true}]}}