{"id":197,"date":"2024-12-03T18:26:57","date_gmt":"2024-12-03T18:26:57","guid":{"rendered":"https:\/\/agora-tas.com\/?post_type=product&#038;p=197"},"modified":"2025-10-18T12:26:33","modified_gmt":"2025-10-18T12:26:33","slug":"fresh-white-truffle-tuber-magnatum-pico-100g","status":"publish","type":"product","link":"https:\/\/agora-tas.com\/de\/produkt\/fresh-white-truffle-tuber-magnatum-pico-100g\/","title":{"rendered":"Frische wei\u00dfe griechische Tr\u00fcffel (Tuber magnatum pico)"},"content":{"rendered":"<p>Genie\u00dfen Sie den exquisiten Geschmack der frischen wei\u00dfen griechischen Tr\u00fcffel (Tuber magnatum pico), die sorgf\u00e4ltig in den unber\u00fchrten Landschaften Griechenlands geerntet wird. Bekannt f\u00fcr sein delikates Aroma und seinen unvergleichlichen Geschmack, ist dieser Tr\u00fcffel ein wahrer Gourmet-Genuss.<\/p>\n<p>*Schl\u00fcsselmerkmale:*<br \/>\n- *Un\u00fcbertroffenes Aroma:* Gefeiert f\u00fcr seinen berauschenden Duft und sein subtiles, aber komplexes Geschmacksprofil, bietet der frische wei\u00dfe Tr\u00fcffel Noten von Knoblauch, erdige Untert\u00f6ne und einen Hauch von N\u00fcssen, die jedes Gericht zu neuen kulinarischen H\u00f6henfl\u00fcgen verhelfen.<br \/>\n- Kulinarische Vielseitigkeit:* Diese Tr\u00fcffel eignen sich perfekt zum \u00dcberziehen von Risotto, Pasta und Salaten oder zum Aufgie\u00dfen in Cremes und So\u00dfen und verleihen Ihren Kreationen einen Hauch von Raffinesse und Genuss.<br \/>\n- *Gourmet-Zutat:* Ideal zum Verfeinern von Tr\u00fcffel\u00f6len, -buttern und -dressings, ist die frische wei\u00dfe Tr\u00fcffel eine luxuri\u00f6se Erg\u00e4nzung, die allt\u00e4gliche Mahlzeiten in au\u00dfergew\u00f6hnliche Esserlebnisse verwandeln kann.<br \/>\n- *Authentische griechische Herkunft:* Unsere frischen wei\u00dfen Tr\u00fcffel werden auf den fruchtbaren B\u00f6den Griechenlands geerntet und spiegeln das Engagement der Region f\u00fcr Qualit\u00e4t und Authentizit\u00e4t wider. Sie versprechen ein au\u00dfergew\u00f6hnliches Geschmackserlebnis.<br \/>\nGewicht:100g<\/p>","protected":false},"excerpt":{"rendered":"<p>Genie\u00dfen Sie den exquisiten Geschmack der frischen wei\u00dfen griechischen Tr\u00fcffel (Tuber magnatum pico), die sorgf\u00e4ltig in den unber\u00fchrten Landschaften Griechenlands geerntet wird. Bekannt f\u00fcr sein delikates Aroma und seinen unvergleichlichen Geschmack, ist dieser Tr\u00fcffel ein wahrer Gourmet-Genuss.<br \/>\n<strong>Delivery time 3 &#8211; 5 days<\/strong><\/p>","protected":false},"featured_media":198,"comment_status":"closed","ping_status":"closed","template":"","meta":{"_coblocks_attr":"","_coblocks_dimensions":"","_coblocks_responsive_height":"","_coblocks_accordion_ie_support":"","content-type":""},"product_brand":[],"product_cat":[78],"product_tag":[88,87],"class_list":{"0":"post-197","1":"product","2":"type-product","3":"status-publish","4":"has-post-thumbnail","6":"product_cat-outof-season-el","7":"product_tag-fresh","8":"product_tag-truffle","10":"first","11":"instock","12":"taxable","13":"shipping-taxable","14":"product-type-simple"},"_links":{"self":[{"href":"https:\/\/agora-tas.com\/de\/wp-json\/wp\/v2\/product\/197","targetHints":{"allow":["GET"]}}],"collection":[{"href":"https:\/\/agora-tas.com\/de\/wp-json\/wp\/v2\/product"}],"about":[{"href":"https:\/\/agora-tas.com\/de\/wp-json\/wp\/v2\/types\/product"}],"replies":[{"embeddable":true,"href":"https:\/\/agora-tas.com\/de\/wp-json\/wp\/v2\/comments?post=197"}],"wp:featuredmedia":[{"embeddable":true,"href":"https:\/\/agora-tas.com\/de\/wp-json\/wp\/v2\/media\/198"}],"wp:attachment":[{"href":"https:\/\/agora-tas.com\/de\/wp-json\/wp\/v2\/media?parent=197"}],"wp:term":[{"taxonomy":"product_brand","embeddable":true,"href":"https:\/\/agora-tas.com\/de\/wp-json\/wp\/v2\/product_brand?post=197"},{"taxonomy":"product_cat","embeddable":true,"href":"https:\/\/agora-tas.com\/de\/wp-json\/wp\/v2\/product_cat?post=197"},{"taxonomy":"product_tag","embeddable":true,"href":"https:\/\/agora-tas.com\/de\/wp-json\/wp\/v2\/product_tag?post=197"}],"curies":[{"name":"wp","href":"https:\/\/api.w.org\/{rel}","templated":true}]}}