{"id":190,"date":"2024-12-03T18:09:01","date_gmt":"2024-12-03T18:09:01","guid":{"rendered":"https:\/\/agora-tas.com\/?post_type=product&#038;p=190"},"modified":"2025-10-18T12:28:10","modified_gmt":"2025-10-18T12:28:10","slug":"thin-slices-of-black-truffle-carpaccio-in-oil-50g","status":"publish","type":"product","link":"https:\/\/agora-tas.com\/de\/produkt\/thin-slices-of-black-truffle-carpaccio-in-oil-50g\/","title":{"rendered":"D\u00fcnne Scheiben von schwarzem griechischem Tr\u00fcffel (Carpaccio) in \u00d6l 50g"},"content":{"rendered":"<p>Die zarten Scheiben der schwarzen griechischen Tr\u00fcffel (Carpaccio), die in \u00d6l konserviert sind, eignen sich perfekt, um sowohl den Geschmack als auch die Pr\u00e4sentation eines jeden Gerichts zu verbessern und ihm einen Hauch von Eleganz zu verleihen. Dieses Produkt wird in hochwertigem nativem Oliven\u00f6l extra aufbewahrt und ist frei von Konservierungsstoffen, wodurch es seine Frische beh\u00e4lt.<\/p>\n<p>Nach dem \u00d6ffnen sollte es bis zu 30 Tage im K\u00fchlschrank aufbewahrt werden. Ideal zum Servieren auf ger\u00f6stetem Brot, Salaten, Nudeln, Eiern, Reis, Fleisch, Meeresfr\u00fcchten und gegrilltem Spargel. Am besten vermeidet man es, ihn mit Tomaten und starken Gew\u00fcrzen zu kombinieren. Dieser unterirdisch wachsende Pilz hat einen hohen N\u00e4hrwert und Marktwert und eignet sich hervorragend zum Garnieren und W\u00fcrzen von gehobenen Gerichten.<br \/>\nGewicht: 50 g.<br \/>\nHerkunft: Griechenland.<\/p>","protected":false},"excerpt":{"rendered":"<p>Die zarten Scheiben der schwarzen griechischen Tr\u00fcffel (Carpaccio), die in \u00d6l konserviert sind, eignen sich perfekt, um sowohl den Geschmack als auch die Pr\u00e4sentation eines jeden Gerichts zu verbessern und ihm einen Hauch von Eleganz zu verleihen. Dieses Produkt wird in hochwertigem nativem Oliven\u00f6l extra aufbewahrt und ist frei von Konservierungsstoffen, wodurch es seine Frische beh\u00e4lt. <strong>Lieferzeit 3 - 5 Tage<\/strong><\/p>","protected":false},"featured_media":191,"comment_status":"closed","ping_status":"closed","template":"","meta":{"_coblocks_attr":"","_coblocks_dimensions":"","_coblocks_responsive_height":"","_coblocks_accordion_ie_support":"","content-type":""},"product_brand":[],"product_cat":[25],"product_tag":[90,87],"class_list":{"0":"post-190","1":"product","2":"type-product","3":"status-publish","4":"has-post-thumbnail","6":"product_cat-truffle-products","7":"product_tag-carpaccio","8":"product_tag-truffle","10":"first","11":"instock","12":"taxable","13":"shipping-taxable","14":"product-type-simple"},"_links":{"self":[{"href":"https:\/\/agora-tas.com\/de\/wp-json\/wp\/v2\/product\/190","targetHints":{"allow":["GET"]}}],"collection":[{"href":"https:\/\/agora-tas.com\/de\/wp-json\/wp\/v2\/product"}],"about":[{"href":"https:\/\/agora-tas.com\/de\/wp-json\/wp\/v2\/types\/product"}],"replies":[{"embeddable":true,"href":"https:\/\/agora-tas.com\/de\/wp-json\/wp\/v2\/comments?post=190"}],"wp:featuredmedia":[{"embeddable":true,"href":"https:\/\/agora-tas.com\/de\/wp-json\/wp\/v2\/media\/191"}],"wp:attachment":[{"href":"https:\/\/agora-tas.com\/de\/wp-json\/wp\/v2\/media?parent=190"}],"wp:term":[{"taxonomy":"product_brand","embeddable":true,"href":"https:\/\/agora-tas.com\/de\/wp-json\/wp\/v2\/product_brand?post=190"},{"taxonomy":"product_cat","embeddable":true,"href":"https:\/\/agora-tas.com\/de\/wp-json\/wp\/v2\/product_cat?post=190"},{"taxonomy":"product_tag","embeddable":true,"href":"https:\/\/agora-tas.com\/de\/wp-json\/wp\/v2\/product_tag?post=190"}],"curies":[{"name":"wp","href":"https:\/\/api.w.org\/{rel}","templated":true}]}}